{"id":5128,"date":"2022-08-21T21:46:47","date_gmt":"2022-08-21T19:46:47","guid":{"rendered":"https:\/\/aeternis.fr\/?page_id=5128"},"modified":"2022-11-21T21:26:08","modified_gmt":"2022-11-21T20:26:08","slug":"nos-valeurs","status":"publish","type":"page","link":"https:\/\/aeternis.fr\/en\/nos-valeurs\/","title":{"rendered":"Our values"},"content":{"rendered":"<section id=\"nos-valeurs\" data-row-bg=\"https:\/\/aeternis.fr\/wp-content\/uploads\/2022\/09\/Chauffe-des-pierres-min.jpg?id=5440\" data-section-luminosity=\"dark\" data-bg-image=\"url\" data-tooltip=\"Nos valeurs\" class=\"vc_row vc_custom_1662559957900 liquid-row-shadowbox-69d9a6cd7dc83 vc_row-has-fill vc_row-has-bg lqd-parallax-markup-exists lqd-parallax-bg-enabled lqd-has-bg-markup row-bg-appended vc_row-o-full-height\"><span class=\"row-bg-loader\"><\/span><div class=\"row-bg-wrap\">\n\t\t<div class=\"row-bg-inner\">\n\t\t\t<figure class=\"row-bg\" data-parallax=\"true\" data-parallax-from='{\"yPercent\":-15}' data-parallax-to='{\"yPercent\":0}'><\/figure>\n\t\t<\/div>\n\t<\/div><div class=\"liquid-row-overlay\" style=\"background:rgba(0, 0, 0, 0.28)\"><\/div><div class=\"ld-container container\"><div class=\"row ld-row ld-row-outer vc_row-has-column-align vc_row-o-columns-middle vc_row-flex\"><style>@media (min-width: 992px) { .liquid-column-responsive-69d9a6cd7e6c0 > .vc_column-inner {padding-top:90px !important;  }  } <\/style><div class=\"wpb_column vc_column_container vc_col-sm-12 vc_col-lg-offset-2 vc_col-lg-8 vc_col-md-offset-1 vc_col-md-10 text-center liquid-column-69d9a6cd7e6bd liquid-column-responsive-69d9a6cd7e6c0\"><div class=\"vc_column-inner\" ><div class=\"wpb_wrapper\"  data-custom-animations=\"true\" data-ca-options='{\"triggerHandler\":\"inview\",\"animationTarget\":\"all-childs\",\"duration\":\"1600\",\"delay\":\"160\",\"ease\":\"power4.out\",\"direction\":\"forward\",\"initValues\":{\"y\":65,\"rotationY\":50,\"transformOriginX\":50,\"transformOriginY\":50,\"transformOriginZ\":\"0px\",\"opacity\":0},\"animations\":{\"y\":0,\"rotationY\":0,\"transformOriginX\":50,\"transformOriginY\":50,\"transformOriginZ\":\"0px\",\"opacity\":1}}'><style>.ld_fancy_heading_69d9a6cd7e818 h1{color:rgb(255, 255, 255);}.ld_fancy_heading_69d9a6cd7e818 h1 {font-size:15vw; } @media (min-width: 768px) { .ld_fancy_heading_69d9a6cd7e818 h1 {font-size:80px; }  } .ld_fancy_heading_69d9a6cd7e818 h1 {line-height:1em; } .ld_fancy_heading_69d9a6cd7e818 h1 {--element-line-height:1em; } .ld_fancy_heading_69d9a6cd7e818 h1 {margin-bottom:0.35em !important;  } .ld_fancy_heading_69d9a6cd7e818 .lqd-highlight-inner{height:0.275em!important;bottom:0px!important;}.ld_fancy_heading_69d9a6cd7e818 h1 {font-size:15vw; } @media (min-width: 768px) { .ld_fancy_heading_69d9a6cd7e818 h1 {font-size:80px; }  } .ld_fancy_heading_69d9a6cd7e818 h1 {line-height:1em; } .ld_fancy_heading_69d9a6cd7e818 h1 {--element-line-height:1em; } .ld_fancy_heading_69d9a6cd7e818 h1 {margin-bottom:0.35em !important;  } <\/style><div class=\"ld-fancy-heading ld_fancy_heading_69d9a6cd7e818\">\n\t<h1 class=\"ld-fh-element lqd-highlight-underline lqd-highlight-grow-left text-decoration-default\"   >  Our values<\/h1><\/div><\/div><\/div><\/div><\/div><\/div><\/section><section id=\"ea\" style=\"background-position:left center !important;\" data-bg-image=\"url\" data-tooltip=\"Ecoute &amp; accompagnement\" class=\"vc_row vc_custom_1661279368799 liquid-row-shadowbox-69d9a6cd7eece vc_row-has-fill vc_row-has-bg vc_column-gap-0 vc_row-o-full-height\"><div class=\"ld-container container-fluid\"><div class=\"row ld-row ld-row-outer vc_row-has-column-align vc_row-o-columns-stretch vc_row-o-equal-height vc_row-o-equal-height vc_row-o-content-middle vc_row-flex\"><style>@media (min-width: 992px) { .liquid-column-responsive-69d9a6cd7f26e > .vc_column-inner {padding-top:0px !important; padding-right:7vmax !important; padding-bottom:0px !important; padding-left:7vmax !important;  }  } <\/style><div class=\"wpb_column vc_column_container vc_col-sm-12 vc_col-md-6 liquid-column-69d9a6cd7f26c liquid-column-responsive-69d9a6cd7f26e\"><div class=\"vc_column-inner  vc_custom_1661338269392\" ><div class=\"wpb_wrapper\"  data-custom-animations=\"true\" data-ca-options='{\"triggerHandler\":\"inview\",\"animationTarget\":\"all-childs\",\"duration\":\"1600\",\"delay\":\"180\",\"ease\":\"power4.out\",\"direction\":\"forward\",\"initValues\":{\"opacity\":0,\"translateY\":150},\"animations\":{\"opacity\":1,\"translateY\":0}}'><style>.ld_spacer_69d9a6cd7f373{height:80px;}<\/style>\n<div class=\"ld-empty-space hide-desktop ld_spacer_69d9a6cd7f373\"><\/div><style>.ld_fancy_heading_69d9a6cd7f607 h2{color:rgb(0, 0, 0);}.ld_fancy_heading_69d9a6cd7f607 h2 {line-height:1em; } .ld_fancy_heading_69d9a6cd7f607 h2 {--element-line-height:1em; } .ld_fancy_heading_69d9a6cd7f607 h2 {letter-spacing:-0.02em; } .ld_fancy_heading_69d9a6cd7f607 h2 {margin-top:0.15em !important; margin-bottom:0.2em !important;  } .ld_fancy_heading_69d9a6cd7f607 .lqd-highlight-inner{height:0.275em!important;bottom:0px!important;}.ld_fancy_heading_69d9a6cd7f607 h2 {line-height:1em; } .ld_fancy_heading_69d9a6cd7f607 h2 {--element-line-height:1em; } .ld_fancy_heading_69d9a6cd7f607 h2 {letter-spacing:-0.02em; } .ld_fancy_heading_69d9a6cd7f607 h2 {margin-top:0.15em !important; margin-bottom:0.2em !important;  } <\/style><div class=\"ld-fancy-heading text-uppercase ld_fancy_heading_69d9a6cd7f607\">\n\t<h2 class=\"ld-fh-element lqd-highlight-underline lqd-highlight-grow-left text-decoration-default\"   >  LISTENING AND ACCOMPANIMENT<\/h2><\/div><style>.ld_spacer_69d9a6cd7f781{height:22px;}<\/style>\n<div class=\"ld-empty-space ld_spacer_69d9a6cd7f781\"><\/div><style>.ld_fancy_heading_69d9a6cd7f8eb p{color:rgb(0, 0, 0);}.ld_fancy_heading_69d9a6cd7f8eb p {margin-bottom:1.75em !important;  } .ld_fancy_heading_69d9a6cd7f8eb .lqd-highlight-inner{height:0.275em!important;bottom:0px!important;}.ld_fancy_heading_69d9a6cd7f8eb p {margin-bottom:1.75em !important;  } <\/style><div class=\"ld-fancy-heading ld_fancy_heading_69d9a6cd7f8eb\">\n\t<p class=\"ld-fh-element lqd-highlight-underline lqd-highlight-grow-left text-decoration-default\"   >  Because the need that brings us together is yours, we are above all at your disposal and wish to accompany your wishes in terms of stones. We have a stock allowing us to meet your current needs in precious and fine colored stones.<\/p>\n<p>We can offer you very precise cut stones, in classic or original designs. It is also possible to respond to your special orders during our travels or through our contacts in the major trading centres.<\/p><\/div><\/div><\/div><\/div><div data-row-bg=\"https:\/\/aeternis.fr\/wp-content\/uploads\/2022\/09\/Saphir-Violet-min.jpg?id=5443\" class=\"wpb_column vc_column_container vc_col-sm-12 vc_col-md-6 liquid-column-69d9a6cd7fd4b vc_col-has-fill lqd-has-bg-markup row-bg-appended\"><div class=\"vc_column-inner  vc_custom_1662560323216\" style=\"background-position:center center !important;\"><span class=\"row-bg-loader\"><\/span><div class=\"row-bg-wrap\">\n\t\t<div class=\"row-bg-inner\">\n\t\t\t<figure class=\"row-bg\" ><\/figure>\n\t\t<\/div>\n\t<\/div><div class=\"wpb_wrapper\"  ><\/div><\/div><\/div><\/div><\/div><\/section><section id=\"ec\" data-bg-image=\"url\" data-tooltip=\"Engagement &amp; confiance\" class=\"vc_row vc_custom_1661279398752 liquid-row-shadowbox-69d9a6cd8002b vc_row-has-fill vc_row-has-bg vc_column-gap-0 vc_row-o-full-height\"><div class=\"ld-container container-fluid\"><div class=\"row ld-row ld-row-outer vc_row-has-column-align vc_row-o-columns-stretch vc_row-o-equal-height vc_row-o-equal-height vc_row-flex\"><style>@media (min-width: 992px) { .liquid-column-responsive-69d9a6cd8039c > .vc_column-inner {padding-top:0px !important; padding-bottom:0px !important;  }  } <\/style><div data-row-bg=\"https:\/\/aeternis.fr\/wp-content\/uploads\/2022\/08\/PRESENTION-3-min.jpg?id=5227\" class=\"wpb_column vc_column_container vc_col-sm-12 vc_col-md-6 liquid-column-69d9a6cd8039b liquid-column-responsive-69d9a6cd8039c vc_col-has-fill lqd-has-bg-markup row-bg-appended lqd-column-top-onmobile\"><div class=\"vc_column-inner  vc_custom_1662560560094\" style=\"background-position:center center !important;\"><span class=\"row-bg-loader\"><\/span><div class=\"row-bg-wrap\">\n\t\t<div class=\"row-bg-inner\">\n\t\t\t<figure class=\"row-bg\" ><\/figure>\n\t\t<\/div>\n\t<\/div><div class=\"wpb_wrapper\"  ><\/div><a href=\"https:\/\/split.liquid-themes.com\/portfolio\/the-portraits\/\" class=\"liquid-overlay-link z-index-3\"><\/a><\/div><\/div><style>@media (min-width: 992px) { .liquid-column-responsive-69d9a6cd806e7 > .vc_column-inner {padding-right:7vmax !important; padding-left:7vmax !important;  }  } <\/style><div class=\"wpb_column vc_column_container vc_col-sm-12 vc_col-md-6 liquid-column-69d9a6cd806e5 liquid-column-responsive-69d9a6cd806e7\"><div class=\"vc_column-inner justify-content-center vc_custom_1661338276502\" ><div class=\"wpb_wrapper\"  data-custom-animations=\"true\" data-ca-options='{\"triggerHandler\":\"inview\",\"animationTarget\":\"all-childs\",\"duration\":\"1600\",\"delay\":\"180\",\"ease\":\"power4.out\",\"direction\":\"forward\",\"initValues\":{\"opacity\":0,\"translateY\":150},\"animations\":{\"opacity\":1,\"translateY\":0}}'><style>.ld_fancy_heading_69d9a6cd80825 h2{color:rgb(0, 0, 0);}.ld_fancy_heading_69d9a6cd80825 h2 {line-height:1em; } .ld_fancy_heading_69d9a6cd80825 h2 {--element-line-height:1em; } .ld_fancy_heading_69d9a6cd80825 h2 {letter-spacing:-0.02em; } .ld_fancy_heading_69d9a6cd80825 h2 {margin-top:0.15em !important; margin-bottom:0.2em !important;  } .ld_fancy_heading_69d9a6cd80825 .lqd-highlight-inner{height:0.275em!important;bottom:0px!important;}.ld_fancy_heading_69d9a6cd80825 h2 {line-height:1em; } .ld_fancy_heading_69d9a6cd80825 h2 {--element-line-height:1em; } .ld_fancy_heading_69d9a6cd80825 h2 {letter-spacing:-0.02em; } .ld_fancy_heading_69d9a6cd80825 h2 {margin-top:0.15em !important; margin-bottom:0.2em !important;  } <\/style><div class=\"ld-fancy-heading text-uppercase ld_fancy_heading_69d9a6cd80825\">\n\t<h2 class=\"ld-fh-element lqd-highlight-underline lqd-highlight-grow-left text-decoration-default\"   >  COMMITMENT AND TRUST<\/h2><\/div><style>.ld_spacer_69d9a6cd8095b{height:22px;}<\/style>\n<div class=\"ld-empty-space ld_spacer_69d9a6cd8095b\"><\/div><style>.ld_fancy_heading_69d9a6cd80a66 p{color:rgb(0, 0, 0);}.ld_fancy_heading_69d9a6cd80a66 p {margin-bottom:1.75em !important;  } .ld_fancy_heading_69d9a6cd80a66 .lqd-highlight-inner{height:0.275em!important;bottom:0px!important;}.ld_fancy_heading_69d9a6cd80a66 p {margin-bottom:1.75em !important;  } <\/style><div class=\"ld-fancy-heading ld_fancy_heading_69d9a6cd80a66\">\n\t<p class=\"ld-fh-element lqd-highlight-underline lqd-highlight-grow-left text-decoration-default\"   >  Those who come to us are looking for beauty, perfection\u2026 and service. Their satisfaction cannot be half-hearted. We are committed to quality. Your satisfaction is the goal of our approach.<\/p>\n<p>The players in this profession know that without trust, there is no tomorrow. The eternity of a gem is beyond our measure, a stone, a jewel accompanies us for a lifetime. We wish to possess this piece of eternity, a concentrate of grace to offer, a talisman and a story to pass on to the next generation\u2026  Stone is the mineral sparkle at the base of this approach.<\/p>\n<p>We are here so that the purchase of this stone is a moment of pleasure, without fear, without disappointment... in complete confidence.<br \/>\nWe take responsibility. The choice of stones individually, according to their quality and their personality, makes each center stone a favorite object to appropriate and offer.<\/p><\/div><\/div><\/div><\/div><\/div><\/div><\/section><section id=\"ethique\" style=\"background-position:left center !important;\" data-bg-image=\"url\" data-tooltip=\"Ethique\" class=\"vc_row vc_custom_1661279431277 liquid-row-shadowbox-69d9a6cd80e74 vc_row-has-fill vc_row-has-bg vc_column-gap-0 vc_row-o-full-height\"><div class=\"ld-container container-fluid\"><div class=\"row ld-row ld-row-outer vc_row-has-column-align vc_row-o-columns-stretch vc_row-o-equal-height vc_row-o-equal-height vc_row-o-content-middle vc_row-flex\"><style>@media (min-width: 992px) { .liquid-column-responsive-69d9a6cd81211 > .vc_column-inner {padding-top:0px !important; padding-right:7vmax !important; padding-bottom:0px !important; padding-left:7vmax !important;  }  } <\/style><div class=\"wpb_column vc_column_container vc_col-sm-12 vc_col-md-6 liquid-column-69d9a6cd8120f liquid-column-responsive-69d9a6cd81211\"><div class=\"vc_column-inner  vc_custom_1661338282408\" ><div class=\"wpb_wrapper\"  data-custom-animations=\"true\" data-ca-options='{\"triggerHandler\":\"inview\",\"animationTarget\":\"all-childs\",\"duration\":\"1600\",\"delay\":\"180\",\"ease\":\"power4.out\",\"direction\":\"forward\",\"initValues\":{\"opacity\":0,\"translateY\":150},\"animations\":{\"opacity\":1,\"translateY\":0}}'><style>.ld_fancy_heading_69d9a6cd81310 h2{color:rgb(0, 0, 0);}.ld_fancy_heading_69d9a6cd81310 h2 {line-height:1em; } .ld_fancy_heading_69d9a6cd81310 h2 {--element-line-height:1em; } .ld_fancy_heading_69d9a6cd81310 h2 {letter-spacing:-0.02em; } .ld_fancy_heading_69d9a6cd81310 h2 {margin-top:0.15em !important; margin-bottom:0.2em !important;  } .ld_fancy_heading_69d9a6cd81310 .lqd-highlight-inner{height:0.275em!important;bottom:0px!important;}.ld_fancy_heading_69d9a6cd81310 h2 {line-height:1em; } .ld_fancy_heading_69d9a6cd81310 h2 {--element-line-height:1em; } .ld_fancy_heading_69d9a6cd81310 h2 {letter-spacing:-0.02em; } .ld_fancy_heading_69d9a6cd81310 h2 {margin-top:0.15em !important; margin-bottom:0.2em !important;  } <\/style><div class=\"ld-fancy-heading text-uppercase ld_fancy_heading_69d9a6cd81310\">\n\t<h2 class=\"ld-fh-element lqd-highlight-underline lqd-highlight-grow-left text-decoration-default\"   >  ETHICS<\/h2><\/div><style>.ld_spacer_69d9a6cd81445{height:22px;}<\/style>\n<div class=\"ld-empty-space ld_spacer_69d9a6cd81445\"><\/div><style>.ld_fancy_heading_69d9a6cd81540 p{color:rgb(0, 0, 0);}.ld_fancy_heading_69d9a6cd81540 p {margin-bottom:1.75em !important;  } .ld_fancy_heading_69d9a6cd81540 .lqd-highlight-inner{height:0.275em!important;bottom:0px!important;}.ld_fancy_heading_69d9a6cd81540 p {margin-bottom:1.75em !important;  } <\/style><div class=\"ld-fancy-heading ld_fancy_heading_69d9a6cd81540\">\n\t<p class=\"ld-fh-element lqd-highlight-underline lqd-highlight-grow-left text-decoration-default\"   >  Our activity allows us to go as close as possible to the places of production, for days of research, discoveries, learning, exchanges...<\/p>\n<p>The inhabitants of the places of legends who deliver their mineral wonders, Sri Lanka, South Africa The East, India\u2026 are often the real treasures of these countries.<\/p>\n<p>The commercial links that are woven little by little make it possible to build and refine common interests.<\/p><\/div><\/div><\/div><\/div><div data-row-bg=\"https:\/\/aeternis.fr\/wp-content\/uploads\/2022\/09\/20190901_201856.jpg?id=5439\" class=\"wpb_column vc_column_container vc_col-sm-12 vc_col-md-6 vc_hidden-sm vc_hidden-xs liquid-column-69d9a6cd81a04 vc_col-has-fill lqd-has-bg-markup row-bg-appended\"><div class=\"vc_column-inner  vc_custom_1662560697306\" style=\"background-position:center center !important;\"><span class=\"row-bg-loader\"><\/span><div class=\"row-bg-wrap\">\n\t\t<div class=\"row-bg-inner\">\n\t\t\t<figure class=\"row-bg\" ><\/figure>\n\t\t<\/div>\n\t<\/div><div class=\"wpb_wrapper\"  ><\/div><\/div><\/div><\/div><\/div><\/section><section id=\"ethique-suite\" data-bg-image=\"url\" data-tooltip=\"Ethique suite\" class=\"vc_row vc_custom_1661279530821 liquid-row-shadowbox-69d9a6cd81cb6 vc_row-has-fill vc_row-has-bg vc_column-gap-0 vc_row-o-full-height\"><div class=\"ld-container container-fluid\"><div class=\"row ld-row ld-row-outer vc_row-has-column-align vc_row-o-columns-stretch vc_row-o-equal-height vc_row-o-equal-height vc_row-flex\"><style>@media (min-width: 992px) { .liquid-column-responsive-69d9a6cd81ff0 > .vc_column-inner {padding-top:0px !important; padding-bottom:0px !important;  }  } <\/style><div data-row-bg=\"https:\/\/aeternis.fr\/wp-content\/uploads\/2022\/08\/20190322_113917-2-min.jpg?id=5428\" class=\"wpb_column vc_column_container vc_col-sm-12 vc_col-md-6 liquid-column-69d9a6cd81fee liquid-column-responsive-69d9a6cd81ff0 vc_col-has-fill lqd-has-bg-markup row-bg-appended lqd-column-top-onmobile\"><div class=\"vc_column-inner  vc_custom_1662560686796\" style=\"background-position:center center !important;\"><span class=\"row-bg-loader\"><\/span><div class=\"row-bg-wrap\">\n\t\t<div class=\"row-bg-inner\">\n\t\t\t<figure class=\"row-bg\" ><\/figure>\n\t\t<\/div>\n\t<\/div><div class=\"wpb_wrapper\"  ><\/div><a href=\"https:\/\/split.liquid-themes.com\/portfolio\/the-portraits\/\" class=\"liquid-overlay-link z-index-3\"><\/a><\/div><\/div><style>@media (min-width: 992px) { .liquid-column-responsive-69d9a6cd8233d > .vc_column-inner {padding-right:7vmax !important; padding-left:7vmax !important;  }  } <\/style><div class=\"wpb_column vc_column_container vc_col-sm-12 vc_col-md-6 liquid-column-69d9a6cd8233c liquid-column-responsive-69d9a6cd8233d\"><div class=\"vc_column-inner justify-content-center vc_custom_1661338288588\" ><div class=\"wpb_wrapper\"  data-custom-animations=\"true\" data-ca-options='{\"triggerHandler\":\"inview\",\"animationTarget\":\"all-childs\",\"duration\":\"1600\",\"delay\":\"180\",\"ease\":\"power4.out\",\"direction\":\"forward\",\"initValues\":{\"opacity\":0,\"translateY\":150},\"animations\":{\"opacity\":1,\"translateY\":0}}'><style>.ld_fancy_heading_69d9a6cd82452 h2{color:rgb(0, 0, 0);}.ld_fancy_heading_69d9a6cd82452 h2 {line-height:1em; } .ld_fancy_heading_69d9a6cd82452 h2 {--element-line-height:1em; } .ld_fancy_heading_69d9a6cd82452 h2 {letter-spacing:-0.02em; } .ld_fancy_heading_69d9a6cd82452 h2 {margin-top:0.15em !important; margin-bottom:0.2em !important;  } .ld_fancy_heading_69d9a6cd82452 .lqd-highlight-inner{height:0.275em!important;bottom:0px!important;}.ld_fancy_heading_69d9a6cd82452 h2 {line-height:1em; } .ld_fancy_heading_69d9a6cd82452 h2 {--element-line-height:1em; } .ld_fancy_heading_69d9a6cd82452 h2 {letter-spacing:-0.02em; } .ld_fancy_heading_69d9a6cd82452 h2 {margin-top:0.15em !important; margin-bottom:0.2em !important;  } <\/style><div class=\"ld-fancy-heading text-uppercase ld_fancy_heading_69d9a6cd82452\">\n\t<h2 class=\"ld-fh-element lqd-highlight-underline lqd-highlight-grow-left text-decoration-default\"   >  ETHICS<\/h2><\/div><style>.ld_spacer_69d9a6cd82575{height:22px;}<\/style>\n<div class=\"ld-empty-space ld_spacer_69d9a6cd82575\"><\/div><style>.ld_fancy_heading_69d9a6cd82673 p{color:rgb(0, 0, 0);}.ld_fancy_heading_69d9a6cd82673 p {margin-bottom:1.75em !important;  } .ld_fancy_heading_69d9a6cd82673 .lqd-highlight-inner{height:0.275em!important;bottom:0px!important;}.ld_fancy_heading_69d9a6cd82673 p {margin-bottom:1.75em !important;  } <\/style><div class=\"ld-fancy-heading ld_fancy_heading_69d9a6cd82673\">\n\t<p class=\"ld-fh-element lqd-highlight-underline lqd-highlight-grow-left text-decoration-default\"   >  We highlight the difficult work accomplished by local residents and investors, miners, owners, craftsmen, tailors\u2026<\/p>\n<p>We want everyone to benefit from their work. The investments to which we contribute allow a local economic fabric to continue and develop.<\/p>\n<p>Our stones do not come from conflict zones. Our certified diamonds come exclusively from sectors approved by the Kimberley process.<\/p><\/div><\/div><\/div><\/div><\/div><\/div><\/section>","protected":false},"excerpt":{"rendered":"Nos valeurs ECOUTE ET ACCOMPAGNEMENT Car le besoin qui nous rassemble est le v\u00f4tre, nous sommes avant tout, \u00e0 votre \u00e9coute et souhaitons accompagner vos souhaits en mati\u00e8re de pierres. Nous disposons d\u2019un stock nous permettant de r\u00e9pondre \u00e0 vos besoins courants en pierres de couleur pr\u00e9cieuses et fines. Nous pourrons vous proposer des pierres [...]","protected":false},"author":1,"featured_media":0,"parent":0,"menu_order":0,"comment_status":"closed","ping_status":"closed","template":"","meta":{"footnotes":""},"class_list":["post-5128","page","type-page","status-publish","hentry"],"yoast_head":"<!-- This site is optimized with the Yoast SEO plugin v22.8 - https:\/\/yoast.com\/wordpress\/plugins\/seo\/ -->\n<title>Nos valeurs - AETERNIS<\/title>\n<meta name=\"robots\" content=\"index, follow, max-snippet:-1, max-image-preview:large, max-video-preview:-1\" \/>\n<link rel=\"canonical\" href=\"https:\/\/aeternis.fr\/en\/nos-valeurs\/\" \/>\n<meta property=\"og:locale\" content=\"en_GB\" \/>\n<meta property=\"og:type\" content=\"article\" \/>\n<meta property=\"og:title\" content=\"Nos valeurs - AETERNIS\" \/>\n<meta property=\"og:url\" content=\"https:\/\/aeternis.fr\/en\/nos-valeurs\/\" \/>\n<meta property=\"og:site_name\" content=\"AETERNIS\" \/>\n<meta property=\"article:modified_time\" content=\"2022-11-21T20:26:08+00:00\" \/>\n<meta name=\"twitter:card\" content=\"summary_large_image\" \/>\n<meta name=\"twitter:label1\" content=\"Estimated reading time\" \/>\n\t<meta name=\"twitter:data1\" content=\"4 minutes\" \/>\n<script type=\"application\/ld+json\" class=\"yoast-schema-graph\">{\"@context\":\"https:\/\/schema.org\",\"@graph\":[{\"@type\":\"WebPage\",\"@id\":\"https:\/\/aeternis.fr\/nos-valeurs\/\",\"url\":\"https:\/\/aeternis.fr\/nos-valeurs\/\",\"name\":\"Nos valeurs - AETERNIS\",\"isPartOf\":{\"@id\":\"https:\/\/aeternis.fr\/#website\"},\"datePublished\":\"2022-08-21T19:46:47+00:00\",\"dateModified\":\"2022-11-21T20:26:08+00:00\",\"inLanguage\":\"en-GB\",\"potentialAction\":[{\"@type\":\"ReadAction\",\"target\":[\"https:\/\/aeternis.fr\/nos-valeurs\/\"]}]},{\"@type\":\"WebSite\",\"@id\":\"https:\/\/aeternis.fr\/#website\",\"url\":\"https:\/\/aeternis.fr\/\",\"name\":\"AETERNIS\",\"description\":\"Pierres pr\u00e9cieuses &amp; pierres fines\",\"potentialAction\":[{\"@type\":\"SearchAction\",\"target\":{\"@type\":\"EntryPoint\",\"urlTemplate\":\"https:\/\/aeternis.fr\/?s={search_term_string}\"},\"query-input\":\"required name=search_term_string\"}],\"inLanguage\":\"en-GB\"}]}<\/script>\n<!-- \/ Yoast SEO plugin. -->","yoast_head_json":{"title":"Nos valeurs - AETERNIS","robots":{"index":"index","follow":"follow","max-snippet":"max-snippet:-1","max-image-preview":"max-image-preview:large","max-video-preview":"max-video-preview:-1"},"canonical":"https:\/\/aeternis.fr\/en\/nos-valeurs\/","og_locale":"en_GB","og_type":"article","og_title":"Nos valeurs - AETERNIS","og_url":"https:\/\/aeternis.fr\/en\/nos-valeurs\/","og_site_name":"AETERNIS","article_modified_time":"2022-11-21T20:26:08+00:00","twitter_card":"summary_large_image","twitter_misc":{"Estimated reading time":"4 minutes"},"schema":{"@context":"https:\/\/schema.org","@graph":[{"@type":"WebPage","@id":"https:\/\/aeternis.fr\/nos-valeurs\/","url":"https:\/\/aeternis.fr\/nos-valeurs\/","name":"Nos valeurs - AETERNIS","isPartOf":{"@id":"https:\/\/aeternis.fr\/#website"},"datePublished":"2022-08-21T19:46:47+00:00","dateModified":"2022-11-21T20:26:08+00:00","inLanguage":"en-GB","potentialAction":[{"@type":"ReadAction","target":["https:\/\/aeternis.fr\/nos-valeurs\/"]}]},{"@type":"WebSite","@id":"https:\/\/aeternis.fr\/#website","url":"https:\/\/aeternis.fr\/","name":"AETERNIS","description":"Pierres pr\u00e9cieuses &amp; pierres fines","potentialAction":[{"@type":"SearchAction","target":{"@type":"EntryPoint","urlTemplate":"https:\/\/aeternis.fr\/?s={search_term_string}"},"query-input":"required name=search_term_string"}],"inLanguage":"en-GB"}]}},"_links":{"self":[{"href":"https:\/\/aeternis.fr\/en\/wp-json\/wp\/v2\/pages\/5128","targetHints":{"allow":["GET"]}}],"collection":[{"href":"https:\/\/aeternis.fr\/en\/wp-json\/wp\/v2\/pages"}],"about":[{"href":"https:\/\/aeternis.fr\/en\/wp-json\/wp\/v2\/types\/page"}],"author":[{"embeddable":true,"href":"https:\/\/aeternis.fr\/en\/wp-json\/wp\/v2\/users\/1"}],"replies":[{"embeddable":true,"href":"https:\/\/aeternis.fr\/en\/wp-json\/wp\/v2\/comments?post=5128"}],"version-history":[{"count":13,"href":"https:\/\/aeternis.fr\/en\/wp-json\/wp\/v2\/pages\/5128\/revisions"}],"predecessor-version":[{"id":5467,"href":"https:\/\/aeternis.fr\/en\/wp-json\/wp\/v2\/pages\/5128\/revisions\/5467"}],"wp:attachment":[{"href":"https:\/\/aeternis.fr\/en\/wp-json\/wp\/v2\/media?parent=5128"}],"curies":[{"name":"wp","href":"https:\/\/api.w.org\/{rel}","templated":true}]}}