{"id":5126,"date":"2022-08-21T21:45:11","date_gmt":"2022-08-21T19:45:11","guid":{"rendered":"https:\/\/aeternis.fr\/?page_id=5126"},"modified":"2022-08-24T12:50:21","modified_gmt":"2022-08-24T10:50:21","slug":"savoir-faire","status":"publish","type":"page","link":"https:\/\/aeternis.fr\/en\/savoir-faire\/","title":{"rendered":"Know how"},"content":{"rendered":"<section style=\"background-position:left center !important;\" data-bg-image=\"url\" class=\"vc_row vc_custom_1661281091026 liquid-row-shadowbox-69d5571f2f997 vc_row-has-fill vc_row-has-bg vc_column-gap-0 vc_row-o-full-height\"><div class=\"ld-container container-fluid\"><div class=\"row ld-row ld-row-outer vc_row-has-column-align vc_row-o-columns-stretch vc_row-o-equal-height vc_row-o-equal-height vc_row-o-content-middle vc_row-flex\"><style>@media (min-width: 992px) { .liquid-column-responsive-69d5571f30133 > .vc_column-inner {padding-top:0px !important; padding-right:7vmax !important; padding-bottom:0px !important; padding-left:7vmax !important;  }  } <\/style><div class=\"wpb_column vc_column_container vc_col-sm-12 vc_col-md-6 liquid-column-69d5571f30132 liquid-column-responsive-69d5571f30133\"><div class=\"vc_column-inner  vc_custom_1661338203999\" ><div class=\"wpb_wrapper\"  data-custom-animations=\"true\" data-ca-options='{\"triggerHandler\":\"inview\",\"animationTarget\":\"all-childs\",\"duration\":\"1600\",\"delay\":\"180\",\"ease\":\"power4.out\",\"direction\":\"forward\",\"initValues\":{\"opacity\":0,\"translateY\":150},\"animations\":{\"opacity\":1,\"translateY\":0}}'><style>.ld_spacer_69d5571f301e5{height:80px;}<\/style>\n<div class=\"ld-empty-space hide-desktop ld_spacer_69d5571f301e5\"><\/div><style>.ld_fancy_heading_69d5571f30450 h2{color:rgb(0, 0, 0);}.ld_fancy_heading_69d5571f30450 h2 {line-height:1em; } .ld_fancy_heading_69d5571f30450 h2 {--element-line-height:1em; } .ld_fancy_heading_69d5571f30450 h2 {letter-spacing:-0.02em; } .ld_fancy_heading_69d5571f30450 h2 {margin-top:0.15em !important; margin-bottom:0.2em !important;  } .ld_fancy_heading_69d5571f30450 .lqd-highlight-inner{height:0.275em!important;bottom:0px!important;}.ld_fancy_heading_69d5571f30450 h2 {line-height:1em; } .ld_fancy_heading_69d5571f30450 h2 {--element-line-height:1em; } .ld_fancy_heading_69d5571f30450 h2 {letter-spacing:-0.02em; } .ld_fancy_heading_69d5571f30450 h2 {margin-top:0.15em !important; margin-bottom:0.2em !important;  } <\/style><div class=\"ld-fancy-heading text-uppercase ld_fancy_heading_69d5571f30450\">\n\t<h2 class=\"ld-fh-element lqd-highlight-underline lqd-highlight-grow-left text-decoration-default\"   >  Know how<\/h2><\/div><style>.ld_spacer_69d5571f307d0{height:22px;}<\/style>\n<div class=\"ld-empty-space ld_spacer_69d5571f307d0\"><\/div><style>.ld_fancy_heading_69d5571f308a8 p{color:rgb(0, 0, 0);}.ld_fancy_heading_69d5571f308a8 p {margin-bottom:1.75em !important;  } .ld_fancy_heading_69d5571f308a8 .lqd-highlight-inner{height:0.275em!important;bottom:0px!important;}.ld_fancy_heading_69d5571f308a8 p {margin-bottom:1.75em !important;  } <\/style><div class=\"ld-fancy-heading ld_fancy_heading_69d5571f308a8\">\n\t<p class=\"ld-fh-element lqd-highlight-underline lqd-highlight-grow-left text-decoration-default\"   >  Our company  places its level of requirement by thinking of the passion that each designer wants to place in their jewellery. We specialize in finding center stones from Sri Lanka, Thailand, Burma or Cambodia, Brazil, Zambia or Tanzania\u2026<\/p>\n<p>We travel two to three times a year. The rest of the year, we take advantage of the network of producers and suppliers that we weave throughout our travels and our commercial relations. In many cases, the approach closer to the sources allows us to guarantee the traceability of our stones. <\/p><\/div><\/div><\/div><\/div><div data-row-bg=\"https:\/\/aeternis.fr\/wp-content\/uploads\/2022\/08\/PROJETS-TANZANITE-1-copie-min.jpg?id=5276\" class=\"wpb_column vc_column_container vc_col-sm-12 vc_col-md-6 vc_hidden-sm vc_hidden-xs liquid-column-69d5571f30bdf vc_col-has-fill lqd-has-bg-markup row-bg-appended\"><div class=\"vc_column-inner  vc_custom_1661290498449\" style=\"background-position:center center !important;\"><span class=\"row-bg-loader\"><\/span><div class=\"row-bg-wrap\">\n\t\t<div class=\"row-bg-inner\">\n\t\t\t<figure class=\"row-bg\" ><\/figure>\n\t\t<\/div>\n\t<\/div><div class=\"wpb_wrapper\"  ><\/div><\/div><\/div><\/div><\/div><\/section><section data-bg-image=\"url\" class=\"vc_row vc_custom_1661281097521 liquid-row-shadowbox-69d5571f30e0c vc_row-has-fill vc_row-has-bg vc_column-gap-0 vc_row-o-full-height\"><div class=\"ld-container container-fluid\"><div class=\"row ld-row ld-row-outer vc_row-has-column-align vc_row-o-columns-stretch vc_row-o-equal-height vc_row-o-equal-height vc_row-flex\"><style>@media (min-width: 992px) { .liquid-column-responsive-69d5571f31168 > .vc_column-inner {padding-top:0px !important; padding-bottom:0px !important;  }  } <\/style><div data-row-bg=\"https:\/\/aeternis.fr\/wp-content\/uploads\/2022\/08\/Artisan-Inde-rotated.jpg?id=4932\" class=\"wpb_column vc_column_container vc_col-sm-12 vc_col-md-6 liquid-column-69d5571f31167 liquid-column-responsive-69d5571f31168 vc_col-has-fill lqd-has-bg-markup row-bg-appended lqd-column-top-onmobile\"><div class=\"vc_column-inner  vc_custom_1661281016984\" style=\"background-position:center top !important;\"><span class=\"row-bg-loader\"><\/span><div class=\"row-bg-wrap\">\n\t\t<div class=\"row-bg-inner\">\n\t\t\t<figure class=\"row-bg\" ><\/figure>\n\t\t<\/div>\n\t<\/div><div class=\"wpb_wrapper\"  ><\/div><a href=\"https:\/\/split.liquid-themes.com\/portfolio\/the-portraits\/\" class=\"liquid-overlay-link z-index-3\"><\/a><\/div><\/div><style>@media (min-width: 992px) { .liquid-column-responsive-69d5571f3140c > .vc_column-inner {padding-right:7vmax !important; padding-left:7vmax !important;  }  } <\/style><div class=\"wpb_column vc_column_container vc_col-sm-12 vc_col-md-6 liquid-column-69d5571f3140b liquid-column-responsive-69d5571f3140c\"><div class=\"vc_column-inner justify-content-center vc_custom_1661338211319\" ><div class=\"wpb_wrapper\"  data-custom-animations=\"true\" data-ca-options='{\"triggerHandler\":\"inview\",\"animationTarget\":\"all-childs\",\"duration\":\"1600\",\"delay\":\"180\",\"ease\":\"power4.out\",\"direction\":\"forward\",\"initValues\":{\"opacity\":0,\"translateY\":150},\"animations\":{\"opacity\":1,\"translateY\":0}}'><style>.ld_fancy_heading_69d5571f31512 p{color:rgb(0, 0, 0);}.ld_fancy_heading_69d5571f31512 p {margin-bottom:1.75em !important;  } .ld_fancy_heading_69d5571f31512 .lqd-highlight-inner{height:0.275em!important;bottom:0px!important;}.ld_fancy_heading_69d5571f31512 p {margin-bottom:1.75em !important;  } <\/style><div class=\"ld-fancy-heading ld_fancy_heading_69d5571f31512\">\n\t<p class=\"ld-fh-element lqd-highlight-underline lqd-highlight-grow-left text-decoration-default\"   >  We often collect these stones from the hands of mine owners. By respecting their work, by the relationship of trust and fair prices, we ensure a long-term commercial relationship. This relationship, reducing intermediaries to a minimum, allows us to offer the most attractive prices for the quality offered.<\/p><\/div><\/div><\/div><\/div><\/div><\/div><\/section><section style=\"background-position:left center !important;\" data-bg-image=\"url\" class=\"vc_row vc_custom_1661281104216 liquid-row-shadowbox-69d5571f317d0 vc_row-has-fill vc_row-has-bg vc_column-gap-0 vc_row-o-full-height\"><div class=\"ld-container container-fluid\"><div class=\"row ld-row ld-row-outer vc_row-has-column-align vc_row-o-columns-stretch vc_row-o-equal-height vc_row-o-equal-height vc_row-o-content-middle vc_row-flex\"><style>@media (min-width: 992px) { .liquid-column-responsive-69d5571f31a52 > .vc_column-inner {padding-top:0px !important; padding-right:7vmax !important; padding-bottom:0px !important; padding-left:7vmax !important;  }  } <\/style><div class=\"wpb_column vc_column_container vc_col-sm-12 vc_col-md-6 liquid-column-69d5571f31a51 liquid-column-responsive-69d5571f31a52\"><div class=\"vc_column-inner  vc_custom_1661338218355\" ><div class=\"wpb_wrapper\"  data-custom-animations=\"true\" data-ca-options='{\"triggerHandler\":\"inview\",\"animationTarget\":\"all-childs\",\"duration\":\"1600\",\"delay\":\"180\",\"ease\":\"power4.out\",\"direction\":\"forward\",\"initValues\":{\"opacity\":0,\"translateY\":150},\"animations\":{\"opacity\":1,\"translateY\":0}}'><style>.ld_fancy_heading_69d5571f31b23 p{color:rgb(0, 0, 0);}.ld_fancy_heading_69d5571f31b23 p {margin-bottom:1.75em !important;  } .ld_fancy_heading_69d5571f31b23 .lqd-highlight-inner{height:0.275em!important;bottom:0px!important;}.ld_fancy_heading_69d5571f31b23 p {margin-bottom:1.75em !important;  } <\/style><div class=\"ld-fancy-heading ld_fancy_heading_69d5571f31b23\">\n\t<p class=\"ld-fh-element lqd-highlight-underline lqd-highlight-grow-left text-decoration-default\"   >  Lovers of beautiful work, we make it a point of honor to work with tailors of exceptional levels, in France and in Europe in particular, for the cutting or re-cutting of important center stones.<\/p>\n<p>We put the greatest rigor in the choice of each stone, without ever forgetting to place at the center of our concerns, a taste for balance and beauty, a sense of tradition or a desire for innovation. A beautiful stone is a stone with a personality, a soul.<\/p><\/div><\/div><\/div><\/div><div data-row-bg=\"https:\/\/aeternis.fr\/wp-content\/uploads\/2022\/08\/PRESENTION-3-min.jpg?id=5227\" class=\"wpb_column vc_column_container vc_col-sm-12 vc_col-md-6 liquid-column-69d5571f31e43 vc_col-has-fill lqd-has-bg-markup row-bg-appended\"><div class=\"vc_column-inner  vc_custom_1661290682717\" style=\"background-position:center center !important;\"><span class=\"row-bg-loader\"><\/span><div class=\"row-bg-wrap\">\n\t\t<div class=\"row-bg-inner\">\n\t\t\t<figure class=\"row-bg\" ><\/figure>\n\t\t<\/div>\n\t<\/div><div class=\"wpb_wrapper\"  ><\/div><\/div><\/div><\/div><\/div><\/section>","protected":false},"excerpt":{"rendered":"Savoir-faire Notre entreprise place son niveau d\u2019exigence en pensant \u00e0 la passion que chaque cr\u00e9ateur veut placer dans ses bijoux. Nous nous sp\u00e9cialisons dans la recherche de pierres de centre en provenance du Sri Lanka, de Tha\u00eflande, de Birmanie ou du Cambodge, du Br\u00e9sil, de Zambie ou de Tanzanie\u2026 Nous voyageons deux \u00e0 trois fois [...]","protected":false},"author":1,"featured_media":0,"parent":0,"menu_order":0,"comment_status":"closed","ping_status":"closed","template":"","meta":{"footnotes":""},"class_list":["post-5126","page","type-page","status-publish","hentry"],"yoast_head":"<!-- This site is optimized with the Yoast SEO plugin v22.8 - https:\/\/yoast.com\/wordpress\/plugins\/seo\/ -->\n<title>Savoir-faire - AETERNIS<\/title>\n<meta name=\"robots\" content=\"index, follow, max-snippet:-1, max-image-preview:large, max-video-preview:-1\" \/>\n<link rel=\"canonical\" href=\"https:\/\/aeternis.fr\/en\/savoir-faire\/\" \/>\n<meta property=\"og:locale\" content=\"en_GB\" \/>\n<meta property=\"og:type\" content=\"article\" \/>\n<meta property=\"og:title\" content=\"Savoir-faire - AETERNIS\" \/>\n<meta property=\"og:url\" content=\"https:\/\/aeternis.fr\/en\/savoir-faire\/\" \/>\n<meta property=\"og:site_name\" content=\"AETERNIS\" \/>\n<meta property=\"article:modified_time\" content=\"2022-08-24T10:50:21+00:00\" \/>\n<meta name=\"twitter:card\" content=\"summary_large_image\" \/>\n<meta name=\"twitter:label1\" content=\"Estimated reading time\" \/>\n\t<meta name=\"twitter:data1\" content=\"3 minutes\" \/>\n<script type=\"application\/ld+json\" class=\"yoast-schema-graph\">{\"@context\":\"https:\/\/schema.org\",\"@graph\":[{\"@type\":\"WebPage\",\"@id\":\"https:\/\/aeternis.fr\/savoir-faire\/\",\"url\":\"https:\/\/aeternis.fr\/savoir-faire\/\",\"name\":\"Savoir-faire - AETERNIS\",\"isPartOf\":{\"@id\":\"https:\/\/aeternis.fr\/#website\"},\"datePublished\":\"2022-08-21T19:45:11+00:00\",\"dateModified\":\"2022-08-24T10:50:21+00:00\",\"inLanguage\":\"en-GB\",\"potentialAction\":[{\"@type\":\"ReadAction\",\"target\":[\"https:\/\/aeternis.fr\/savoir-faire\/\"]}]},{\"@type\":\"WebSite\",\"@id\":\"https:\/\/aeternis.fr\/#website\",\"url\":\"https:\/\/aeternis.fr\/\",\"name\":\"AETERNIS\",\"description\":\"Pierres pr\u00e9cieuses &amp; pierres fines\",\"potentialAction\":[{\"@type\":\"SearchAction\",\"target\":{\"@type\":\"EntryPoint\",\"urlTemplate\":\"https:\/\/aeternis.fr\/?s={search_term_string}\"},\"query-input\":\"required name=search_term_string\"}],\"inLanguage\":\"en-GB\"}]}<\/script>\n<!-- \/ Yoast SEO plugin. -->","yoast_head_json":{"title":"Savoir-faire - AETERNIS","robots":{"index":"index","follow":"follow","max-snippet":"max-snippet:-1","max-image-preview":"max-image-preview:large","max-video-preview":"max-video-preview:-1"},"canonical":"https:\/\/aeternis.fr\/en\/savoir-faire\/","og_locale":"en_GB","og_type":"article","og_title":"Savoir-faire - AETERNIS","og_url":"https:\/\/aeternis.fr\/en\/savoir-faire\/","og_site_name":"AETERNIS","article_modified_time":"2022-08-24T10:50:21+00:00","twitter_card":"summary_large_image","twitter_misc":{"Estimated reading time":"3 minutes"},"schema":{"@context":"https:\/\/schema.org","@graph":[{"@type":"WebPage","@id":"https:\/\/aeternis.fr\/savoir-faire\/","url":"https:\/\/aeternis.fr\/savoir-faire\/","name":"Savoir-faire - AETERNIS","isPartOf":{"@id":"https:\/\/aeternis.fr\/#website"},"datePublished":"2022-08-21T19:45:11+00:00","dateModified":"2022-08-24T10:50:21+00:00","inLanguage":"en-GB","potentialAction":[{"@type":"ReadAction","target":["https:\/\/aeternis.fr\/savoir-faire\/"]}]},{"@type":"WebSite","@id":"https:\/\/aeternis.fr\/#website","url":"https:\/\/aeternis.fr\/","name":"AETERNIS","description":"Pierres pr\u00e9cieuses &amp; pierres fines","potentialAction":[{"@type":"SearchAction","target":{"@type":"EntryPoint","urlTemplate":"https:\/\/aeternis.fr\/?s={search_term_string}"},"query-input":"required name=search_term_string"}],"inLanguage":"en-GB"}]}},"_links":{"self":[{"href":"https:\/\/aeternis.fr\/en\/wp-json\/wp\/v2\/pages\/5126","targetHints":{"allow":["GET"]}}],"collection":[{"href":"https:\/\/aeternis.fr\/en\/wp-json\/wp\/v2\/pages"}],"about":[{"href":"https:\/\/aeternis.fr\/en\/wp-json\/wp\/v2\/types\/page"}],"author":[{"embeddable":true,"href":"https:\/\/aeternis.fr\/en\/wp-json\/wp\/v2\/users\/1"}],"replies":[{"embeddable":true,"href":"https:\/\/aeternis.fr\/en\/wp-json\/wp\/v2\/comments?post=5126"}],"version-history":[{"count":15,"href":"https:\/\/aeternis.fr\/en\/wp-json\/wp\/v2\/pages\/5126\/revisions"}],"predecessor-version":[{"id":5406,"href":"https:\/\/aeternis.fr\/en\/wp-json\/wp\/v2\/pages\/5126\/revisions\/5406"}],"wp:attachment":[{"href":"https:\/\/aeternis.fr\/en\/wp-json\/wp\/v2\/media?parent=5126"}],"curies":[{"name":"wp","href":"https:\/\/api.w.org\/{rel}","templated":true}]}}