{"id":5130,"date":"2022-08-21T21:47:30","date_gmt":"2022-08-21T19:47:30","guid":{"rendered":"https:\/\/aeternis.fr\/?page_id=5130"},"modified":"2022-08-24T00:43:07","modified_gmt":"2022-08-23T22:43:07","slug":"contactez-nous","status":"publish","type":"page","link":"https:\/\/aeternis.fr\/de\/contactez-nous\/","title":{"rendered":"Kontaktiere uns"},"content":{"rendered":"<section data-row-bg=\"https:\/\/aeternis.fr\/wp-content\/uploads\/2022\/08\/Opale6-min.jpg?id=5220\" data-section-luminosity=\"dark\" style=\"background-position:center center !important;\" data-bg-image=\"url\" class=\"vc_row vc_custom_1661274926320 liquid-row-shadowbox-69d5383bf35c4 vc_row-has-fill vc_row-has-bg lqd-has-bg-markup row-bg-appended\"><span class=\"row-bg-loader\"><\/span><div class=\"row-bg-wrap\">\n\t\t<div class=\"row-bg-inner\">\n\t\t\t<figure class=\"row-bg\" ><\/figure>\n\t\t<\/div>\n\t<\/div><div class=\"liquid-row-overlay\" style=\"background:rgba(0, 0, 0, 0.65)\"><\/div><div class=\"ld-container container\"><div class=\"row ld-row ld-row-outer vc_row-o-content-middle vc_row-flex\"><div class=\"wpb_column vc_column_container vc_col-sm-12 vc_col-lg-6 vc_col-md-6 text-center text-md-left liquid-column-69d5383bf3dea\"><div class=\"vc_column-inner  vc_custom_1661294586402\" ><div class=\"wpb_wrapper\"  ><style>.ld_fancy_heading_69d5383bf3f04 h6{color:rgb(255, 255, 255);}.ld_fancy_heading_69d5383bf3f04 h6 {margin-bottom:0.75em !important;  } .ld_fancy_heading_69d5383bf3f04 .lqd-highlight-inner{height:0.275em!important;bottom:0px!important;}.ld_fancy_heading_69d5383bf3f04 h6 {margin-bottom:0.75em !important;  } <\/style><div class=\"ld-fancy-heading ld_fancy_heading_69d5383bf3f04\">\n\t<h6 class=\"ld-fh-element lqd-highlight-underline lqd-highlight-grow-left text-decoration-default\"   >  Eine Frage ? Eine Bitte um Informationen?<\/h6><\/div><style>.ld_fancy_heading_69d5383c001df h2{color:rgb(255, 255, 255);}@media (min-width: 992px) { .ld_fancy_heading_69d5383c001df h2 {padding-right:14% !important;  }  } .ld_fancy_heading_69d5383c001df .lqd-highlight-inner{height:0.275em!important;bottom:0px!important;}@media (min-width: 992px) { .ld_fancy_heading_69d5383c001df h2 {padding-right:14% !important;  }  } <\/style><div class=\"ld-fancy-heading ld_fancy_heading_69d5383c001df\">\n\t<h2 class=\"ld-fh-element lqd-highlight-underline lqd-highlight-grow-left text-decoration-default\"   >  Kontaktiere uns<\/h2><\/div><style>.ld_fancy_heading_69d5383c00365 p{color:rgb(255, 255, 255);}.ld_fancy_heading_69d5383c00365 .lqd-highlight-inner{height:0.275em!important;bottom:0px!important;}<\/style><div class=\"ld-fancy-heading ld_fancy_heading_69d5383c00365\">\n\t<p class=\"ld-fh-element lqd-highlight-underline lqd-highlight-grow-left text-decoration-default\"   >  Kontaktieren Sie AETERNIS \u00fcber unser Kontaktformular oder schreiben Sie uns an :<\/p><\/div><style>.ld_fancy_heading_69d5383c00484 p{color:rgb(166, 166, 166);}.ld_fancy_heading_69d5383c00484 p {margin-top:11px !important; margin-bottom:11px !important;  } @media (min-width: 1200px) { .ld_fancy_heading_69d5383c00484 p {margin-top:11px !important; margin-bottom:11px !important;  }  } .ld_fancy_heading_69d5383c00484 .lqd-highlight-inner{height:0.275em!important;bottom:0px!important;}.ld_fancy_heading_69d5383c00484 p {margin-top:11px !important; margin-bottom:11px !important;  } @media (min-width: 1200px) { .ld_fancy_heading_69d5383c00484 p {margin-top:11px !important; margin-bottom:11px !important;  }  } <\/style><div class=\"ld-fancy-heading email-1537 ld_fancy_heading_69d5383c00484\">\n\t<p class=\"ld-fh-element lqd-highlight-underline lqd-highlight-grow-left text-decoration-default\"   >  <a href=\"mailto:contact@aeternis.fr\">contact@aeternis.fr<\/a><\/p><\/div><style>.ld_fancy_heading_69d5383c005fc p{color:rgb(255, 255, 255);}.ld_fancy_heading_69d5383c005fc .lqd-highlight-inner{height:0.275em!important;bottom:0px!important;}<\/style><div class=\"ld-fancy-heading ld_fancy_heading_69d5383c005fc\">\n\t<p class=\"ld-fh-element lqd-highlight-underline lqd-highlight-grow-left text-decoration-default\"   >  Wir sind auch telefonisch erreichbar unter:<\/p><\/div><style>.ld_fancy_heading_69d5383c00719 .lqd-highlight-inner{height:0.275em!important;bottom:0px!important;}<\/style><div class=\"ld-fancy-heading tel-1537 ld_fancy_heading_69d5383c00719\">\n\t<p class=\"ld-fh-element lqd-highlight-underline lqd-highlight-grow-left text-decoration-default\"   >  +33 6 84 75 29 26.<\/p><\/div><\/div><\/div><\/div><style>@media (min-width: 768px) { .liquid-column-responsive-69d5383c00a1a > .vc_column-inner {padding-right:50px !important; padding-left:50px !important;  }  } @media (min-width: 992px) { .liquid-column-responsive-69d5383c00a1a > .vc_column-inner {margin-top:-65px !important; padding-bottom:20px !important;  }  } .liquid-column-69d5383c00a19 > .vc_column-inner { box-shadow:0px 10px 60px 0px rgba(0, 0, 0, 0.07)}<\/style><div class=\"wpb_column vc_column_container vc_col-sm-12 vc_col-lg-offset-0 vc_col-md-offset-0 vc_col-md-6 liquid-column-69d5383c00a19 liquid-column-responsive-69d5383c00a1a vc_col-has-fill\" id=\"blur-1537\"><div class=\"vc_column-inner  vc_custom_1661294474540\" ><div class=\"wpb_wrapper\"  ><style>.ld_cf7_69d5383c00ae4 input,.ld_cf7_69d5383c00ae4 textarea,.ld_cf7_69d5383c00ae4 .ui-button.ui-selectmenu-button{font-size:17px;font-weight:400;}.ld_cf7_69d5383c00ae4 input[type=\"submit\"]{font-size:16px;font-weight:700;}.ld_cf7_69d5383c00ae4 input, .ld_cf7_69d5383c00ae4 select, .ld_cf7_69d5383c00ae4 textarea, .ld_cf7_69d5383c00ae4 .ui-button.ui-selectmenu-button{background:rgb(248, 245, 243);}.ld_cf7_69d5383c00ae4 .wpcf7-form-control-wrap{margin-bottom:20px;}<\/style><div id=\"ld_cf7_69d5383c00ae4\" class=\"lqd-contact-form lqd-contact-form-inputs-lg lqd-contact-form-inputs-filled lqd-contact-form-button-lg lqd-contact-form-button-block ld_cf7_69d5383c00ae4 vc_custom_1661275618880\">\n\t\n<div class=\"wpcf7 no-js\" id=\"wpcf7-f5-o1\" lang=\"fr-FR\" dir=\"ltr\">\n<div class=\"screen-reader-response\"><p role=\"status\" aria-live=\"polite\" aria-atomic=\"true\"><\/p> <ul><\/ul><\/div>\n<form action=\"\/de\/wp-json\/wp\/v2\/pages\/5130#wpcf7-f5-o1\" method=\"post\" class=\"wpcf7-form init\" aria-label=\"Formulaire de contact\" novalidate=\"novalidate\" data-status=\"init\" data-trp-original-action=\"\/de\/wp-json\/wp\/v2\/pages\/5130#wpcf7-f5-o1\">\n<div style=\"display: none;\">\n<input type=\"hidden\" name=\"_wpcf7\" value=\"5\" \/>\n<input type=\"hidden\" name=\"_wpcf7_version\" value=\"5.9.6\" \/>\n<input type=\"hidden\" name=\"_wpcf7_locale\" value=\"fr_FR\" \/>\n<input type=\"hidden\" name=\"_wpcf7_unit_tag\" value=\"wpcf7-f5-o1\" \/>\n<input type=\"hidden\" name=\"_wpcf7_container_post\" value=\"0\" \/>\n<input type=\"hidden\" name=\"_wpcf7_posted_data_hash\" value=\"\" \/>\n<input type=\"hidden\" name=\"_wpcf7_recaptcha_response\" value=\"\" \/>\n<\/div>\n<p><span class=\"wpcf7-form-control-wrap\" data-name=\"your-name\"><input size=\"40\" maxlength=\"80\" class=\"wpcf7-form-control wpcf7-text wpcf7-validates-as-required\" aria-required=\"true\" aria-invalid=\"false\" placeholder=\"Ihren Namen\" value=\"\" type=\"text\" name=\"your-name\" \/><\/span><br \/>\n<span class=\"wpcf7-form-control-wrap\" data-name=\"your-email\"><input size=\"40\" maxlength=\"80\" class=\"wpcf7-form-control wpcf7-email wpcf7-validates-as-required wpcf7-text wpcf7-validates-as-email\" aria-required=\"true\" aria-invalid=\"false\" placeholder=\"Deine E-Mail\" value=\"\" type=\"email\" name=\"your-email\" \/><\/span><br \/>\n<span class=\"wpcf7-form-control-wrap\" data-name=\"tel-541\"><input size=\"40\" maxlength=\"80\" class=\"wpcf7-form-control wpcf7-tel wpcf7-validates-as-required wpcf7-text wpcf7-validates-as-tel\" aria-required=\"true\" aria-invalid=\"false\" placeholder=\"Telefon\" value=\"\" type=\"tel\" name=\"tel-541\" \/><\/span><br \/>\n<span class=\"wpcf7-form-control-wrap\" data-name=\"your-subject\"><input size=\"40\" maxlength=\"80\" class=\"wpcf7-form-control wpcf7-text wpcf7-validates-as-required\" aria-required=\"true\" aria-invalid=\"false\" placeholder=\"Objekt\" value=\"\" type=\"text\" name=\"your-subject\" \/><\/span><br \/>\n<span class=\"wpcf7-form-control-wrap\" data-name=\"your-message\"><textarea cols=\"40\" rows=\"10\" maxlength=\"400\" class=\"wpcf7-form-control wpcf7-textarea\" aria-invalid=\"false\" placeholder=\"Ihre Nachricht (optional)\" name=\"your-message\"><\/textarea><\/span><br \/>\n<input class=\"wpcf7-form-control wpcf7-submit has-spinner\" type=\"submit\" value=\"Senden\" \/>\n<\/p><div class=\"wpcf7-response-output\" aria-hidden=\"true\"><\/div>\n<input type=\"hidden\" name=\"trp-form-language\" value=\"de\"\/><\/form>\n<\/div>\n<\/div><\/div><\/div><\/div><\/div><\/div><\/section><section class=\"vc_row map vc_custom_1661276585926 liquid-row-shadowbox-69d5383c02c62 vc_column-gap-0\"><div class=\"ld-container container-fluid\"><div class=\"row ld-row ld-row-outer\"><div class=\"wpb_column vc_column_container vc_col-sm-12 liquid-column-69d5383c02f31\"><div class=\"vc_column-inner\" ><div class=\"wpb_wrapper\"  ><div class=\"wpb_gmaps_widget wpb_content_element vc_map_responsive vc_custom_1661271683921\"><div class=\"wpb_wrapper\"><div class=\"wpb_map_wraper\"><iframe src=\"https:\/\/www.google.com\/maps\/embed?pb=!1m18!1m12!1m3!1d10497.004999084731!2d2.3218276697753906!3d48.8724867!2m3!1f0!2f0!3f0!3m2!1i1024!2i768!4f13.1!3m3!1m2!1s0x47e66e36c1170237%3A0xfabe209adbf6a01!2s17%20Rue%20Scribe%2C%2075009%20Paris!5e0!3m2!1sen!2sfr!4v1661271669882!5m2!1sen!2sfr\" width=\"600\" height=\"450\" style=\"border:0;\" allowfullscreen=\"\" loading=\"lazy\" referrerpolicy=\"no-referrer-when-downgrade\"><\/iframe><\/div><\/div><\/div><\/div><\/div><\/div><\/div><\/div><\/section>","protected":false},"excerpt":{"rendered":"Une question ? Une demande d'information ? Contactez-nous Contactez AETERNIS en utilisant notre formulaire de contact ou en nous \u00e9crivant \u00e0 l'adresse : contact@aeternis.fr Nous sommes \u00e9galement joignables par t\u00e9l\u00e9phone au : +33 6 84 75 29 26.","protected":false},"author":1,"featured_media":0,"parent":0,"menu_order":0,"comment_status":"closed","ping_status":"closed","template":"","meta":{"footnotes":""},"class_list":["post-5130","page","type-page","status-publish","hentry"],"yoast_head":"<!-- This site is optimized with the Yoast SEO plugin v22.8 - https:\/\/yoast.com\/wordpress\/plugins\/seo\/ -->\n<title>Contactez-nous - AETERNIS<\/title>\n<meta name=\"robots\" content=\"index, follow, max-snippet:-1, max-image-preview:large, max-video-preview:-1\" \/>\n<link rel=\"canonical\" href=\"https:\/\/aeternis.fr\/de\/contactez-nous\/\" \/>\n<meta property=\"og:locale\" content=\"de_DE\" \/>\n<meta property=\"og:type\" content=\"article\" \/>\n<meta property=\"og:title\" content=\"Contactez-nous - AETERNIS\" \/>\n<meta property=\"og:url\" content=\"https:\/\/aeternis.fr\/de\/contactez-nous\/\" \/>\n<meta property=\"og:site_name\" content=\"AETERNIS\" \/>\n<meta property=\"article:modified_time\" content=\"2022-08-23T22:43:07+00:00\" \/>\n<meta name=\"twitter:card\" content=\"summary_large_image\" \/>\n<meta name=\"twitter:label1\" content=\"Gesch\u00e4tzte Lesezeit\" \/>\n\t<meta name=\"twitter:data1\" content=\"1\u00a0Minute\" \/>\n<script type=\"application\/ld+json\" class=\"yoast-schema-graph\">{\"@context\":\"https:\/\/schema.org\",\"@graph\":[{\"@type\":\"WebPage\",\"@id\":\"https:\/\/aeternis.fr\/contactez-nous\/\",\"url\":\"https:\/\/aeternis.fr\/contactez-nous\/\",\"name\":\"Contactez-nous - AETERNIS\",\"isPartOf\":{\"@id\":\"https:\/\/aeternis.fr\/#website\"},\"datePublished\":\"2022-08-21T19:47:30+00:00\",\"dateModified\":\"2022-08-23T22:43:07+00:00\",\"inLanguage\":\"de\",\"potentialAction\":[{\"@type\":\"ReadAction\",\"target\":[\"https:\/\/aeternis.fr\/contactez-nous\/\"]}]},{\"@type\":\"WebSite\",\"@id\":\"https:\/\/aeternis.fr\/#website\",\"url\":\"https:\/\/aeternis.fr\/\",\"name\":\"AETERNIS\",\"description\":\"Pierres pr\u00e9cieuses &amp; pierres fines\",\"potentialAction\":[{\"@type\":\"SearchAction\",\"target\":{\"@type\":\"EntryPoint\",\"urlTemplate\":\"https:\/\/aeternis.fr\/?s={search_term_string}\"},\"query-input\":\"required name=search_term_string\"}],\"inLanguage\":\"de\"}]}<\/script>\n<!-- \/ Yoast SEO plugin. -->","yoast_head_json":{"title":"Contactez-nous - AETERNIS","robots":{"index":"index","follow":"follow","max-snippet":"max-snippet:-1","max-image-preview":"max-image-preview:large","max-video-preview":"max-video-preview:-1"},"canonical":"https:\/\/aeternis.fr\/de\/contactez-nous\/","og_locale":"de_DE","og_type":"article","og_title":"Contactez-nous - AETERNIS","og_url":"https:\/\/aeternis.fr\/de\/contactez-nous\/","og_site_name":"AETERNIS","article_modified_time":"2022-08-23T22:43:07+00:00","twitter_card":"summary_large_image","twitter_misc":{"Gesch\u00e4tzte Lesezeit":"1\u00a0Minute"},"schema":{"@context":"https:\/\/schema.org","@graph":[{"@type":"WebPage","@id":"https:\/\/aeternis.fr\/contactez-nous\/","url":"https:\/\/aeternis.fr\/contactez-nous\/","name":"Contactez-nous - AETERNIS","isPartOf":{"@id":"https:\/\/aeternis.fr\/#website"},"datePublished":"2022-08-21T19:47:30+00:00","dateModified":"2022-08-23T22:43:07+00:00","inLanguage":"de","potentialAction":[{"@type":"ReadAction","target":["https:\/\/aeternis.fr\/contactez-nous\/"]}]},{"@type":"WebSite","@id":"https:\/\/aeternis.fr\/#website","url":"https:\/\/aeternis.fr\/","name":"AETERNIS","description":"Pierres pr\u00e9cieuses &amp; pierres fines","potentialAction":[{"@type":"SearchAction","target":{"@type":"EntryPoint","urlTemplate":"https:\/\/aeternis.fr\/?s={search_term_string}"},"query-input":"required name=search_term_string"}],"inLanguage":"de"}]}},"_links":{"self":[{"href":"https:\/\/aeternis.fr\/de\/wp-json\/wp\/v2\/pages\/5130","targetHints":{"allow":["GET"]}}],"collection":[{"href":"https:\/\/aeternis.fr\/de\/wp-json\/wp\/v2\/pages"}],"about":[{"href":"https:\/\/aeternis.fr\/de\/wp-json\/wp\/v2\/types\/page"}],"author":[{"embeddable":true,"href":"https:\/\/aeternis.fr\/de\/wp-json\/wp\/v2\/users\/1"}],"replies":[{"embeddable":true,"href":"https:\/\/aeternis.fr\/de\/wp-json\/wp\/v2\/comments?post=5130"}],"version-history":[{"count":23,"href":"https:\/\/aeternis.fr\/de\/wp-json\/wp\/v2\/pages\/5130\/revisions"}],"predecessor-version":[{"id":5265,"href":"https:\/\/aeternis.fr\/de\/wp-json\/wp\/v2\/pages\/5130\/revisions\/5265"}],"wp:attachment":[{"href":"https:\/\/aeternis.fr\/de\/wp-json\/wp\/v2\/media?parent=5130"}],"curies":[{"name":"wp","href":"https:\/\/api.w.org\/{rel}","templated":true}]}}