{"id":5128,"date":"2022-08-21T21:46:47","date_gmt":"2022-08-21T19:46:47","guid":{"rendered":"https:\/\/aeternis.fr\/?page_id=5128"},"modified":"2022-11-21T21:26:08","modified_gmt":"2022-11-21T20:26:08","slug":"nos-valeurs","status":"publish","type":"page","link":"https:\/\/aeternis.fr\/de\/nos-valeurs\/","title":{"rendered":"Unsere Werte"},"content":{"rendered":"<section id=\"nos-valeurs\" data-row-bg=\"https:\/\/aeternis.fr\/wp-content\/uploads\/2022\/09\/Chauffe-des-pierres-min.jpg?id=5440\" data-section-luminosity=\"dark\" data-bg-image=\"url\" data-tooltip=\"Nos valeurs\" class=\"vc_row vc_custom_1662559957900 liquid-row-shadowbox-69e2ba3770230 vc_row-has-fill vc_row-has-bg lqd-parallax-markup-exists lqd-parallax-bg-enabled lqd-has-bg-markup row-bg-appended vc_row-o-full-height\"><span class=\"row-bg-loader\"><\/span><div class=\"row-bg-wrap\">\n\t\t<div class=\"row-bg-inner\">\n\t\t\t<figure class=\"row-bg\" data-parallax=\"true\" data-parallax-from='{\"yPercent\":-15}' data-parallax-to='{\"yPercent\":0}'><\/figure>\n\t\t<\/div>\n\t<\/div><div class=\"liquid-row-overlay\" style=\"background:rgba(0, 0, 0, 0.28)\"><\/div><div class=\"ld-container container\"><div class=\"row ld-row ld-row-outer vc_row-has-column-align vc_row-o-columns-middle vc_row-flex\"><style>@media (min-width: 992px) { .liquid-column-responsive-69e2ba3770abd > .vc_column-inner {padding-top:90px !important;  }  } <\/style><div class=\"wpb_column vc_column_container vc_col-sm-12 vc_col-lg-offset-2 vc_col-lg-8 vc_col-md-offset-1 vc_col-md-10 text-center liquid-column-69e2ba3770abc liquid-column-responsive-69e2ba3770abd\"><div class=\"vc_column-inner\" ><div class=\"wpb_wrapper\"  data-custom-animations=\"true\" data-ca-options='{\"triggerHandler\":\"inview\",\"animationTarget\":\"all-childs\",\"duration\":\"1600\",\"delay\":\"160\",\"ease\":\"power4.out\",\"direction\":\"forward\",\"initValues\":{\"y\":65,\"rotationY\":50,\"transformOriginX\":50,\"transformOriginY\":50,\"transformOriginZ\":\"0px\",\"opacity\":0},\"animations\":{\"y\":0,\"rotationY\":0,\"transformOriginX\":50,\"transformOriginY\":50,\"transformOriginZ\":\"0px\",\"opacity\":1}}'><style>.ld_fancy_heading_69e2ba3770c07 h1{color:rgb(255, 255, 255);}.ld_fancy_heading_69e2ba3770c07 h1 {font-size:15vw; } @media (min-width: 768px) { .ld_fancy_heading_69e2ba3770c07 h1 {font-size:80px; }  } .ld_fancy_heading_69e2ba3770c07 h1 {line-height:1em; } .ld_fancy_heading_69e2ba3770c07 h1 {--element-line-height:1em; } .ld_fancy_heading_69e2ba3770c07 h1 {margin-bottom:0.35em !important;  } .ld_fancy_heading_69e2ba3770c07 .lqd-highlight-inner{height:0.275em!important;bottom:0px!important;}.ld_fancy_heading_69e2ba3770c07 h1 {font-size:15vw; } @media (min-width: 768px) { .ld_fancy_heading_69e2ba3770c07 h1 {font-size:80px; }  } .ld_fancy_heading_69e2ba3770c07 h1 {line-height:1em; } .ld_fancy_heading_69e2ba3770c07 h1 {--element-line-height:1em; } .ld_fancy_heading_69e2ba3770c07 h1 {margin-bottom:0.35em !important;  } <\/style><div class=\"ld-fancy-heading ld_fancy_heading_69e2ba3770c07\">\n\t<h1 class=\"ld-fh-element lqd-highlight-underline lqd-highlight-grow-left text-decoration-default\"   >  Unsere Werte<\/h1><\/div><\/div><\/div><\/div><\/div><\/div><\/section><section id=\"ea\" style=\"background-position:left center !important;\" data-bg-image=\"url\" data-tooltip=\"Ecoute &amp; accompagnement\" class=\"vc_row vc_custom_1661279368799 liquid-row-shadowbox-69e2ba377123a vc_row-has-fill vc_row-has-bg vc_column-gap-0 vc_row-o-full-height\"><div class=\"ld-container container-fluid\"><div class=\"row ld-row ld-row-outer vc_row-has-column-align vc_row-o-columns-stretch vc_row-o-equal-height vc_row-o-equal-height vc_row-o-content-middle vc_row-flex\"><style>@media (min-width: 992px) { .liquid-column-responsive-69e2ba377152f > .vc_column-inner {padding-top:0px !important; padding-right:7vmax !important; padding-bottom:0px !important; padding-left:7vmax !important;  }  } <\/style><div class=\"wpb_column vc_column_container vc_col-sm-12 vc_col-md-6 liquid-column-69e2ba377152e liquid-column-responsive-69e2ba377152f\"><div class=\"vc_column-inner  vc_custom_1661338269392\" ><div class=\"wpb_wrapper\"  data-custom-animations=\"true\" data-ca-options='{\"triggerHandler\":\"inview\",\"animationTarget\":\"all-childs\",\"duration\":\"1600\",\"delay\":\"180\",\"ease\":\"power4.out\",\"direction\":\"forward\",\"initValues\":{\"opacity\":0,\"translateY\":150},\"animations\":{\"opacity\":1,\"translateY\":0}}'><style>.ld_spacer_69e2ba37715d3{height:80px;}<\/style>\n<div class=\"ld-empty-space hide-desktop ld_spacer_69e2ba37715d3\"><\/div><style>.ld_fancy_heading_69e2ba377182a h2{color:rgb(0, 0, 0);}.ld_fancy_heading_69e2ba377182a h2 {line-height:1em; } .ld_fancy_heading_69e2ba377182a h2 {--element-line-height:1em; } .ld_fancy_heading_69e2ba377182a h2 {letter-spacing:-0.02em; } .ld_fancy_heading_69e2ba377182a h2 {margin-top:0.15em !important; margin-bottom:0.2em !important;  } .ld_fancy_heading_69e2ba377182a .lqd-highlight-inner{height:0.275em!important;bottom:0px!important;}.ld_fancy_heading_69e2ba377182a h2 {line-height:1em; } .ld_fancy_heading_69e2ba377182a h2 {--element-line-height:1em; } .ld_fancy_heading_69e2ba377182a h2 {letter-spacing:-0.02em; } .ld_fancy_heading_69e2ba377182a h2 {margin-top:0.15em !important; margin-bottom:0.2em !important;  } <\/style><div class=\"ld-fancy-heading text-uppercase ld_fancy_heading_69e2ba377182a\">\n\t<h2 class=\"ld-fh-element lqd-highlight-underline lqd-highlight-grow-left text-decoration-default\"   >  ZUH\u00d6REN UND BEGLEITEN<\/h2><\/div><style>.ld_spacer_69e2ba3771908{height:22px;}<\/style>\n<div class=\"ld-empty-space ld_spacer_69e2ba3771908\"><\/div><style>.ld_fancy_heading_69e2ba37719d1 p{color:rgb(0, 0, 0);}.ld_fancy_heading_69e2ba37719d1 p {margin-bottom:1.75em !important;  } .ld_fancy_heading_69e2ba37719d1 .lqd-highlight-inner{height:0.275em!important;bottom:0px!important;}.ld_fancy_heading_69e2ba37719d1 p {margin-bottom:1.75em !important;  } <\/style><div class=\"ld-fancy-heading ld_fancy_heading_69e2ba37719d1\">\n\t<p class=\"ld-fh-element lqd-highlight-underline lqd-highlight-grow-left text-decoration-default\"   >  Da der Bedarf, der uns zusammenbringt, auch Ihrer ist, stehen wir Ihnen vor allem zur Verf\u00fcgung und m\u00f6chten Ihre W\u00fcnsche in Sachen Steine \u200b\u200bbegleiten. Wir verf\u00fcgen \u00fcber ein Lager, das es uns erm\u00f6glicht, Ihren aktuellen Bedarf an Edelsteinen und feinen Farbsteinen zu decken.<\/p>\n<p>Wir k\u00f6nnen Ihnen sehr pr\u00e4zise geschliffene Steine \u200b\u200bin klassischem oder originellem Design anbieten. Es ist auch m\u00f6glich, w\u00e4hrend unserer Reisen oder \u00fcber unsere Kontakte in den gro\u00dfen Handelszentren auf Ihre Sonderauftr\u00e4ge zu reagieren.<\/p><\/div><\/div><\/div><\/div><div data-row-bg=\"https:\/\/aeternis.fr\/wp-content\/uploads\/2022\/09\/Saphir-Violet-min.jpg?id=5443\" class=\"wpb_column vc_column_container vc_col-sm-12 vc_col-md-6 liquid-column-69e2ba3771cd8 vc_col-has-fill lqd-has-bg-markup row-bg-appended\"><div class=\"vc_column-inner  vc_custom_1662560323216\" style=\"background-position:center center !important;\"><span class=\"row-bg-loader\"><\/span><div class=\"row-bg-wrap\">\n\t\t<div class=\"row-bg-inner\">\n\t\t\t<figure class=\"row-bg\" ><\/figure>\n\t\t<\/div>\n\t<\/div><div class=\"wpb_wrapper\"  ><\/div><\/div><\/div><\/div><\/div><\/section><section id=\"ec\" data-bg-image=\"url\" data-tooltip=\"Engagement &amp; confiance\" class=\"vc_row vc_custom_1661279398752 liquid-row-shadowbox-69e2ba3771efb vc_row-has-fill vc_row-has-bg vc_column-gap-0 vc_row-o-full-height\"><div class=\"ld-container container-fluid\"><div class=\"row ld-row ld-row-outer vc_row-has-column-align vc_row-o-columns-stretch vc_row-o-equal-height vc_row-o-equal-height vc_row-flex\"><style>@media (min-width: 992px) { .liquid-column-responsive-69e2ba377230f > .vc_column-inner {padding-top:0px !important; padding-bottom:0px !important;  }  } <\/style><div data-row-bg=\"https:\/\/aeternis.fr\/wp-content\/uploads\/2022\/08\/PRESENTION-3-min.jpg?id=5227\" class=\"wpb_column vc_column_container vc_col-sm-12 vc_col-md-6 liquid-column-69e2ba377230d liquid-column-responsive-69e2ba377230f vc_col-has-fill lqd-has-bg-markup row-bg-appended lqd-column-top-onmobile\"><div class=\"vc_column-inner  vc_custom_1662560560094\" style=\"background-position:center center !important;\"><span class=\"row-bg-loader\"><\/span><div class=\"row-bg-wrap\">\n\t\t<div class=\"row-bg-inner\">\n\t\t\t<figure class=\"row-bg\" ><\/figure>\n\t\t<\/div>\n\t<\/div><div class=\"wpb_wrapper\"  ><\/div><a href=\"https:\/\/split.liquid-themes.com\/portfolio\/the-portraits\/\" class=\"liquid-overlay-link z-index-3\"><\/a><\/div><\/div><style>@media (min-width: 992px) { .liquid-column-responsive-69e2ba3772679 > .vc_column-inner {padding-right:7vmax !important; padding-left:7vmax !important;  }  } <\/style><div class=\"wpb_column vc_column_container vc_col-sm-12 vc_col-md-6 liquid-column-69e2ba3772677 liquid-column-responsive-69e2ba3772679\"><div class=\"vc_column-inner justify-content-center vc_custom_1661338276502\" ><div class=\"wpb_wrapper\"  data-custom-animations=\"true\" data-ca-options='{\"triggerHandler\":\"inview\",\"animationTarget\":\"all-childs\",\"duration\":\"1600\",\"delay\":\"180\",\"ease\":\"power4.out\",\"direction\":\"forward\",\"initValues\":{\"opacity\":0,\"translateY\":150},\"animations\":{\"opacity\":1,\"translateY\":0}}'><style>.ld_fancy_heading_69e2ba37727ef h2{color:rgb(0, 0, 0);}.ld_fancy_heading_69e2ba37727ef h2 {line-height:1em; } .ld_fancy_heading_69e2ba37727ef h2 {--element-line-height:1em; } .ld_fancy_heading_69e2ba37727ef h2 {letter-spacing:-0.02em; } .ld_fancy_heading_69e2ba37727ef h2 {margin-top:0.15em !important; margin-bottom:0.2em !important;  } .ld_fancy_heading_69e2ba37727ef .lqd-highlight-inner{height:0.275em!important;bottom:0px!important;}.ld_fancy_heading_69e2ba37727ef h2 {line-height:1em; } .ld_fancy_heading_69e2ba37727ef h2 {--element-line-height:1em; } .ld_fancy_heading_69e2ba37727ef h2 {letter-spacing:-0.02em; } .ld_fancy_heading_69e2ba37727ef h2 {margin-top:0.15em !important; margin-bottom:0.2em !important;  } <\/style><div class=\"ld-fancy-heading text-uppercase ld_fancy_heading_69e2ba37727ef\">\n\t<h2 class=\"ld-fh-element lqd-highlight-underline lqd-highlight-grow-left text-decoration-default\"   >  VERPFLICHTUNG UND VERTRAUEN<\/h2><\/div><style>.ld_spacer_69e2ba3772917{height:22px;}<\/style>\n<div class=\"ld-empty-space ld_spacer_69e2ba3772917\"><\/div><style>.ld_fancy_heading_69e2ba3772b63 p{color:rgb(0, 0, 0);}.ld_fancy_heading_69e2ba3772b63 p {margin-bottom:1.75em !important;  } .ld_fancy_heading_69e2ba3772b63 .lqd-highlight-inner{height:0.275em!important;bottom:0px!important;}.ld_fancy_heading_69e2ba3772b63 p {margin-bottom:1.75em !important;  } <\/style><div class=\"ld-fancy-heading ld_fancy_heading_69e2ba3772b63\">\n\t<p class=\"ld-fh-element lqd-highlight-underline lqd-highlight-grow-left text-decoration-default\"   >  Wer zu uns kommt, sucht Sch\u00f6nheit, Perfektion \u2026 und Service. Ihre Zufriedenheit kann nicht halbherzig sein. Wir sind der Qualit\u00e4t verpflichtet. Ihre Zufriedenheit ist das Ziel unserer Vorgehensweise.<\/p>\n<p>Die Akteure in diesem Beruf wissen, dass es ohne Vertrauen kein Morgen gibt. Die Ewigkeit eines Edelsteins \u00fcbersteigt unser Ma\u00df, ein Stein, ein Juwel begleitet uns ein Leben lang. Wir m\u00f6chten dieses St\u00fcck Ewigkeit besitzen, ein Konzentrat der Gnade, das wir anbieten k\u00f6nnen, ein Talisman und eine Geschichte, die wir an die n\u00e4chste Generation weitergeben k\u00f6nnen \u2026  Stein ist das funkelnde Mineral, das diesem Ansatz zugrunde liegt.<\/p>\n<p>Wir sind hier, damit der Kauf dieses Steins ein Moment des Vergn\u00fcgens ist, ohne Angst, ohne Entt\u00e4uschung ... in vollem Vertrauen.<br \/>\nWir \u00fcbernehmen Verantwortung. Die individuelle Auswahl der Steine, entsprechend ihrer Qualit\u00e4t und ihrer Pers\u00f6nlichkeit, macht jeden Mittelstein zu einem Lieblingsobjekt zum Aneignen und Anbieten.<\/p><\/div><\/div><\/div><\/div><\/div><\/div><\/section><section id=\"ethique\" style=\"background-position:left center !important;\" data-bg-image=\"url\" data-tooltip=\"Ethique\" class=\"vc_row vc_custom_1661279431277 liquid-row-shadowbox-69e2ba3772e48 vc_row-has-fill vc_row-has-bg vc_column-gap-0 vc_row-o-full-height\"><div class=\"ld-container container-fluid\"><div class=\"row ld-row ld-row-outer vc_row-has-column-align vc_row-o-columns-stretch vc_row-o-equal-height vc_row-o-equal-height vc_row-o-content-middle vc_row-flex\"><style>@media (min-width: 992px) { .liquid-column-responsive-69e2ba37730b6 > .vc_column-inner {padding-top:0px !important; padding-right:7vmax !important; padding-bottom:0px !important; padding-left:7vmax !important;  }  } <\/style><div class=\"wpb_column vc_column_container vc_col-sm-12 vc_col-md-6 liquid-column-69e2ba37730b5 liquid-column-responsive-69e2ba37730b6\"><div class=\"vc_column-inner  vc_custom_1661338282408\" ><div class=\"wpb_wrapper\"  data-custom-animations=\"true\" data-ca-options='{\"triggerHandler\":\"inview\",\"animationTarget\":\"all-childs\",\"duration\":\"1600\",\"delay\":\"180\",\"ease\":\"power4.out\",\"direction\":\"forward\",\"initValues\":{\"opacity\":0,\"translateY\":150},\"animations\":{\"opacity\":1,\"translateY\":0}}'><style>.ld_fancy_heading_69e2ba3773188 h2{color:rgb(0, 0, 0);}.ld_fancy_heading_69e2ba3773188 h2 {line-height:1em; } .ld_fancy_heading_69e2ba3773188 h2 {--element-line-height:1em; } .ld_fancy_heading_69e2ba3773188 h2 {letter-spacing:-0.02em; } .ld_fancy_heading_69e2ba3773188 h2 {margin-top:0.15em !important; margin-bottom:0.2em !important;  } .ld_fancy_heading_69e2ba3773188 .lqd-highlight-inner{height:0.275em!important;bottom:0px!important;}.ld_fancy_heading_69e2ba3773188 h2 {line-height:1em; } .ld_fancy_heading_69e2ba3773188 h2 {--element-line-height:1em; } .ld_fancy_heading_69e2ba3773188 h2 {letter-spacing:-0.02em; } .ld_fancy_heading_69e2ba3773188 h2 {margin-top:0.15em !important; margin-bottom:0.2em !important;  } <\/style><div class=\"ld-fancy-heading text-uppercase ld_fancy_heading_69e2ba3773188\">\n\t<h2 class=\"ld-fh-element lqd-highlight-underline lqd-highlight-grow-left text-decoration-default\"   >  ETHIK<\/h2><\/div><style>.ld_spacer_69e2ba377325c{height:22px;}<\/style>\n<div class=\"ld-empty-space ld_spacer_69e2ba377325c\"><\/div><style>.ld_fancy_heading_69e2ba3773322 p{color:rgb(0, 0, 0);}.ld_fancy_heading_69e2ba3773322 p {margin-bottom:1.75em !important;  } .ld_fancy_heading_69e2ba3773322 .lqd-highlight-inner{height:0.275em!important;bottom:0px!important;}.ld_fancy_heading_69e2ba3773322 p {margin-bottom:1.75em !important;  } <\/style><div class=\"ld-fancy-heading ld_fancy_heading_69e2ba3773322\">\n\t<p class=\"ld-fh-element lqd-highlight-underline lqd-highlight-grow-left text-decoration-default\"   >  Unsere T\u00e4tigkeit erm\u00f6glicht es uns, so nah wie m\u00f6glich an die Produktionsorte zu gehen, f\u00fcr Tage der Forschung, Entdeckungen, des Lernens, des Austauschs...<\/p>\n<p>Die Bewohner der Orte der Legenden, die ihre Mineralwunder liefern, Sri Lanka, S\u00fcdafrika Der Osten, Indien\u2026 sind oft die wahren Sch\u00e4tze dieser L\u00e4nder.<\/p>\n<p>Die nach und nach gekn\u00fcpften kommerziellen Verbindungen erm\u00f6glichen es, gemeinsame Interessen aufzubauen und zu verfeinern.<\/p><\/div><\/div><\/div><\/div><div data-row-bg=\"https:\/\/aeternis.fr\/wp-content\/uploads\/2022\/09\/20190901_201856.jpg?id=5439\" class=\"wpb_column vc_column_container vc_col-sm-12 vc_col-md-6 vc_hidden-sm vc_hidden-xs liquid-column-69e2ba3773653 vc_col-has-fill lqd-has-bg-markup row-bg-appended\"><div class=\"vc_column-inner  vc_custom_1662560697306\" style=\"background-position:center center !important;\"><span class=\"row-bg-loader\"><\/span><div class=\"row-bg-wrap\">\n\t\t<div class=\"row-bg-inner\">\n\t\t\t<figure class=\"row-bg\" ><\/figure>\n\t\t<\/div>\n\t<\/div><div class=\"wpb_wrapper\"  ><\/div><\/div><\/div><\/div><\/div><\/section><section id=\"ethique-suite\" data-bg-image=\"url\" data-tooltip=\"Ethique suite\" class=\"vc_row vc_custom_1661279530821 liquid-row-shadowbox-69e2ba3773882 vc_row-has-fill vc_row-has-bg vc_column-gap-0 vc_row-o-full-height\"><div class=\"ld-container container-fluid\"><div class=\"row ld-row ld-row-outer vc_row-has-column-align vc_row-o-columns-stretch vc_row-o-equal-height vc_row-o-equal-height vc_row-flex\"><style>@media (min-width: 992px) { .liquid-column-responsive-69e2ba3773b26 > .vc_column-inner {padding-top:0px !important; padding-bottom:0px !important;  }  } <\/style><div data-row-bg=\"https:\/\/aeternis.fr\/wp-content\/uploads\/2022\/08\/20190322_113917-2-min.jpg?id=5428\" class=\"wpb_column vc_column_container vc_col-sm-12 vc_col-md-6 liquid-column-69e2ba3773b25 liquid-column-responsive-69e2ba3773b26 vc_col-has-fill lqd-has-bg-markup row-bg-appended lqd-column-top-onmobile\"><div class=\"vc_column-inner  vc_custom_1662560686796\" style=\"background-position:center center !important;\"><span class=\"row-bg-loader\"><\/span><div class=\"row-bg-wrap\">\n\t\t<div class=\"row-bg-inner\">\n\t\t\t<figure class=\"row-bg\" ><\/figure>\n\t\t<\/div>\n\t<\/div><div class=\"wpb_wrapper\"  ><\/div><a href=\"https:\/\/split.liquid-themes.com\/portfolio\/the-portraits\/\" class=\"liquid-overlay-link z-index-3\"><\/a><\/div><\/div><style>@media (min-width: 992px) { .liquid-column-responsive-69e2ba3773db6 > .vc_column-inner {padding-right:7vmax !important; padding-left:7vmax !important;  }  } <\/style><div class=\"wpb_column vc_column_container vc_col-sm-12 vc_col-md-6 liquid-column-69e2ba3773db5 liquid-column-responsive-69e2ba3773db6\"><div class=\"vc_column-inner justify-content-center vc_custom_1661338288588\" ><div class=\"wpb_wrapper\"  data-custom-animations=\"true\" data-ca-options='{\"triggerHandler\":\"inview\",\"animationTarget\":\"all-childs\",\"duration\":\"1600\",\"delay\":\"180\",\"ease\":\"power4.out\",\"direction\":\"forward\",\"initValues\":{\"opacity\":0,\"translateY\":150},\"animations\":{\"opacity\":1,\"translateY\":0}}'><style>.ld_fancy_heading_69e2ba3773e92 h2{color:rgb(0, 0, 0);}.ld_fancy_heading_69e2ba3773e92 h2 {line-height:1em; } .ld_fancy_heading_69e2ba3773e92 h2 {--element-line-height:1em; } .ld_fancy_heading_69e2ba3773e92 h2 {letter-spacing:-0.02em; } .ld_fancy_heading_69e2ba3773e92 h2 {margin-top:0.15em !important; margin-bottom:0.2em !important;  } .ld_fancy_heading_69e2ba3773e92 .lqd-highlight-inner{height:0.275em!important;bottom:0px!important;}.ld_fancy_heading_69e2ba3773e92 h2 {line-height:1em; } .ld_fancy_heading_69e2ba3773e92 h2 {--element-line-height:1em; } .ld_fancy_heading_69e2ba3773e92 h2 {letter-spacing:-0.02em; } .ld_fancy_heading_69e2ba3773e92 h2 {margin-top:0.15em !important; margin-bottom:0.2em !important;  } <\/style><div class=\"ld-fancy-heading text-uppercase ld_fancy_heading_69e2ba3773e92\">\n\t<h2 class=\"ld-fh-element lqd-highlight-underline lqd-highlight-grow-left text-decoration-default\"   >  ETHIK<\/h2><\/div><style>.ld_spacer_69e2ba3773f6a{height:22px;}<\/style>\n<div class=\"ld-empty-space ld_spacer_69e2ba3773f6a\"><\/div><style>.ld_fancy_heading_69e2ba377402f p{color:rgb(0, 0, 0);}.ld_fancy_heading_69e2ba377402f p {margin-bottom:1.75em !important;  } .ld_fancy_heading_69e2ba377402f .lqd-highlight-inner{height:0.275em!important;bottom:0px!important;}.ld_fancy_heading_69e2ba377402f p {margin-bottom:1.75em !important;  } <\/style><div class=\"ld-fancy-heading ld_fancy_heading_69e2ba377402f\">\n\t<p class=\"ld-fh-element lqd-highlight-underline lqd-highlight-grow-left text-decoration-default\"   >  Wir heben die schwierige Arbeit hervor, die von Anwohnern und Investoren, Bergleuten, Eigent\u00fcmern, Handwerkern, Schneidern \u2026<\/p>\n<p>Die Investitionen, zu denen wir beitragen, erm\u00f6glichen die Fortf\u00fchrung und Entwicklung eines lokalen Wirtschaftsgef\u00fcges.<\/p>\n<p>Unsere Steine \u200b\u200bkommen nicht aus Konfliktgebieten. Unsere zertifizierten Diamanten stammen ausschlie\u00dflich aus Sektoren, die nach dem Kimberley-Prozess zugelassen sind.<\/p><\/div><\/div><\/div><\/div><\/div><\/div><\/section>","protected":false},"excerpt":{"rendered":"Nos valeurs ECOUTE ET ACCOMPAGNEMENT Car le besoin qui nous rassemble est le v\u00f4tre, nous sommes avant tout, \u00e0 votre \u00e9coute et souhaitons accompagner vos souhaits en mati\u00e8re de pierres. Nous disposons d\u2019un stock nous permettant de r\u00e9pondre \u00e0 vos besoins courants en pierres de couleur pr\u00e9cieuses et fines. Nous pourrons vous proposer des pierres [...]","protected":false},"author":1,"featured_media":0,"parent":0,"menu_order":0,"comment_status":"closed","ping_status":"closed","template":"","meta":{"footnotes":""},"class_list":["post-5128","page","type-page","status-publish","hentry"],"yoast_head":"<!-- This site is optimized with the Yoast SEO plugin v22.8 - https:\/\/yoast.com\/wordpress\/plugins\/seo\/ -->\n<title>Nos valeurs - AETERNIS<\/title>\n<meta name=\"robots\" content=\"index, follow, max-snippet:-1, max-image-preview:large, max-video-preview:-1\" \/>\n<link rel=\"canonical\" href=\"https:\/\/aeternis.fr\/de\/nos-valeurs\/\" \/>\n<meta property=\"og:locale\" content=\"de_DE\" \/>\n<meta property=\"og:type\" content=\"article\" \/>\n<meta property=\"og:title\" content=\"Nos valeurs - AETERNIS\" \/>\n<meta property=\"og:url\" content=\"https:\/\/aeternis.fr\/de\/nos-valeurs\/\" \/>\n<meta property=\"og:site_name\" content=\"AETERNIS\" \/>\n<meta property=\"article:modified_time\" content=\"2022-11-21T20:26:08+00:00\" \/>\n<meta name=\"twitter:card\" content=\"summary_large_image\" \/>\n<meta name=\"twitter:label1\" content=\"Gesch\u00e4tzte Lesezeit\" \/>\n\t<meta name=\"twitter:data1\" content=\"4\u00a0Minuten\" \/>\n<script type=\"application\/ld+json\" class=\"yoast-schema-graph\">{\"@context\":\"https:\/\/schema.org\",\"@graph\":[{\"@type\":\"WebPage\",\"@id\":\"https:\/\/aeternis.fr\/nos-valeurs\/\",\"url\":\"https:\/\/aeternis.fr\/nos-valeurs\/\",\"name\":\"Nos valeurs - AETERNIS\",\"isPartOf\":{\"@id\":\"https:\/\/aeternis.fr\/#website\"},\"datePublished\":\"2022-08-21T19:46:47+00:00\",\"dateModified\":\"2022-11-21T20:26:08+00:00\",\"inLanguage\":\"de\",\"potentialAction\":[{\"@type\":\"ReadAction\",\"target\":[\"https:\/\/aeternis.fr\/nos-valeurs\/\"]}]},{\"@type\":\"WebSite\",\"@id\":\"https:\/\/aeternis.fr\/#website\",\"url\":\"https:\/\/aeternis.fr\/\",\"name\":\"AETERNIS\",\"description\":\"Pierres pr\u00e9cieuses &amp; pierres fines\",\"potentialAction\":[{\"@type\":\"SearchAction\",\"target\":{\"@type\":\"EntryPoint\",\"urlTemplate\":\"https:\/\/aeternis.fr\/?s={search_term_string}\"},\"query-input\":\"required name=search_term_string\"}],\"inLanguage\":\"de\"}]}<\/script>\n<!-- \/ Yoast SEO plugin. -->","yoast_head_json":{"title":"Nos valeurs - AETERNIS","robots":{"index":"index","follow":"follow","max-snippet":"max-snippet:-1","max-image-preview":"max-image-preview:large","max-video-preview":"max-video-preview:-1"},"canonical":"https:\/\/aeternis.fr\/de\/nos-valeurs\/","og_locale":"de_DE","og_type":"article","og_title":"Nos valeurs - AETERNIS","og_url":"https:\/\/aeternis.fr\/de\/nos-valeurs\/","og_site_name":"AETERNIS","article_modified_time":"2022-11-21T20:26:08+00:00","twitter_card":"summary_large_image","twitter_misc":{"Gesch\u00e4tzte Lesezeit":"4\u00a0Minuten"},"schema":{"@context":"https:\/\/schema.org","@graph":[{"@type":"WebPage","@id":"https:\/\/aeternis.fr\/nos-valeurs\/","url":"https:\/\/aeternis.fr\/nos-valeurs\/","name":"Nos valeurs - AETERNIS","isPartOf":{"@id":"https:\/\/aeternis.fr\/#website"},"datePublished":"2022-08-21T19:46:47+00:00","dateModified":"2022-11-21T20:26:08+00:00","inLanguage":"de","potentialAction":[{"@type":"ReadAction","target":["https:\/\/aeternis.fr\/nos-valeurs\/"]}]},{"@type":"WebSite","@id":"https:\/\/aeternis.fr\/#website","url":"https:\/\/aeternis.fr\/","name":"AETERNIS","description":"Pierres pr\u00e9cieuses &amp; pierres fines","potentialAction":[{"@type":"SearchAction","target":{"@type":"EntryPoint","urlTemplate":"https:\/\/aeternis.fr\/?s={search_term_string}"},"query-input":"required name=search_term_string"}],"inLanguage":"de"}]}},"_links":{"self":[{"href":"https:\/\/aeternis.fr\/de\/wp-json\/wp\/v2\/pages\/5128","targetHints":{"allow":["GET"]}}],"collection":[{"href":"https:\/\/aeternis.fr\/de\/wp-json\/wp\/v2\/pages"}],"about":[{"href":"https:\/\/aeternis.fr\/de\/wp-json\/wp\/v2\/types\/page"}],"author":[{"embeddable":true,"href":"https:\/\/aeternis.fr\/de\/wp-json\/wp\/v2\/users\/1"}],"replies":[{"embeddable":true,"href":"https:\/\/aeternis.fr\/de\/wp-json\/wp\/v2\/comments?post=5128"}],"version-history":[{"count":13,"href":"https:\/\/aeternis.fr\/de\/wp-json\/wp\/v2\/pages\/5128\/revisions"}],"predecessor-version":[{"id":5467,"href":"https:\/\/aeternis.fr\/de\/wp-json\/wp\/v2\/pages\/5128\/revisions\/5467"}],"wp:attachment":[{"href":"https:\/\/aeternis.fr\/de\/wp-json\/wp\/v2\/media?parent=5128"}],"curies":[{"name":"wp","href":"https:\/\/api.w.org\/{rel}","templated":true}]}}