{"id":5126,"date":"2022-08-21T21:45:11","date_gmt":"2022-08-21T19:45:11","guid":{"rendered":"https:\/\/aeternis.fr\/?page_id=5126"},"modified":"2022-08-24T12:50:21","modified_gmt":"2022-08-24T10:50:21","slug":"savoir-faire","status":"publish","type":"page","link":"https:\/\/aeternis.fr\/de\/savoir-faire\/","title":{"rendered":"FACHWISSEN"},"content":{"rendered":"<section style=\"background-position:left center !important;\" data-bg-image=\"url\" class=\"vc_row vc_custom_1661281091026 liquid-row-shadowbox-69e180c43df45 vc_row-has-fill vc_row-has-bg vc_column-gap-0 vc_row-o-full-height\"><div class=\"ld-container container-fluid\"><div class=\"row ld-row ld-row-outer vc_row-has-column-align vc_row-o-columns-stretch vc_row-o-equal-height vc_row-o-equal-height vc_row-o-content-middle vc_row-flex\"><style>@media (min-width: 992px) { .liquid-column-responsive-69e180c43e945 > .vc_column-inner {padding-top:0px !important; padding-right:7vmax !important; padding-bottom:0px !important; padding-left:7vmax !important;  }  } <\/style><div class=\"wpb_column vc_column_container vc_col-sm-12 vc_col-md-6 liquid-column-69e180c43e943 liquid-column-responsive-69e180c43e945\"><div class=\"vc_column-inner  vc_custom_1661338203999\" ><div class=\"wpb_wrapper\"  data-custom-animations=\"true\" data-ca-options='{\"triggerHandler\":\"inview\",\"animationTarget\":\"all-childs\",\"duration\":\"1600\",\"delay\":\"180\",\"ease\":\"power4.out\",\"direction\":\"forward\",\"initValues\":{\"opacity\":0,\"translateY\":150},\"animations\":{\"opacity\":1,\"translateY\":0}}'><style>.ld_spacer_69e180c43ea5a{height:80px;}<\/style>\n<div class=\"ld-empty-space hide-desktop ld_spacer_69e180c43ea5a\"><\/div><style>.ld_fancy_heading_69e180c43ed4a h2{color:rgb(0, 0, 0);}.ld_fancy_heading_69e180c43ed4a h2 {line-height:1em; } .ld_fancy_heading_69e180c43ed4a h2 {--element-line-height:1em; } .ld_fancy_heading_69e180c43ed4a h2 {letter-spacing:-0.02em; } .ld_fancy_heading_69e180c43ed4a h2 {margin-top:0.15em !important; margin-bottom:0.2em !important;  } .ld_fancy_heading_69e180c43ed4a .lqd-highlight-inner{height:0.275em!important;bottom:0px!important;}.ld_fancy_heading_69e180c43ed4a h2 {line-height:1em; } .ld_fancy_heading_69e180c43ed4a h2 {--element-line-height:1em; } .ld_fancy_heading_69e180c43ed4a h2 {letter-spacing:-0.02em; } .ld_fancy_heading_69e180c43ed4a h2 {margin-top:0.15em !important; margin-bottom:0.2em !important;  } <\/style><div class=\"ld-fancy-heading text-uppercase ld_fancy_heading_69e180c43ed4a\">\n\t<h2 class=\"ld-fh-element lqd-highlight-underline lqd-highlight-grow-left text-decoration-default\"   >  FACHWISSEN<\/h2><\/div><style>.ld_spacer_69e180c43f10c{height:22px;}<\/style>\n<div class=\"ld-empty-space ld_spacer_69e180c43f10c\"><\/div><style>.ld_fancy_heading_69e180c43f230 p{color:rgb(0, 0, 0);}.ld_fancy_heading_69e180c43f230 p {margin-bottom:1.75em !important;  } .ld_fancy_heading_69e180c43f230 .lqd-highlight-inner{height:0.275em!important;bottom:0px!important;}.ld_fancy_heading_69e180c43f230 p {margin-bottom:1.75em !important;  } <\/style><div class=\"ld-fancy-heading ld_fancy_heading_69e180c43f230\">\n\t<p class=\"ld-fh-element lqd-highlight-underline lqd-highlight-grow-left text-decoration-default\"   >  Unser Unternehmen stellt seinen Anspruch an die Leidenschaft, die jeder Designer in seinen Schmuck legen m\u00f6chte. Wir sind darauf spezialisiert, Mittelsteine \u200b\u200baus Sri Lanka, Thailand, Burma oder Kambodscha, Brasilien, Sambia oder Tansania zu finden \u2026<\/p>\n<p>Wir reisen zwei- bis dreimal im Jahr. Den Rest des Jahres nutzen wir das Netzwerk von Produzenten und Lieferanten, das wir w\u00e4hrend unserer Reisen und unserer Handelsbeziehungen kn\u00fcpfen. In vielen F\u00e4llen k\u00f6nnen wir durch die N\u00e4he zu den Quellen die R\u00fcckverfolgbarkeit unserer Steine \u200b\u200bgarantieren. <\/p><\/div><\/div><\/div><\/div><div data-row-bg=\"https:\/\/aeternis.fr\/wp-content\/uploads\/2022\/08\/PROJETS-TANZANITE-1-copie-min.jpg?id=5276\" class=\"wpb_column vc_column_container vc_col-sm-12 vc_col-md-6 vc_hidden-sm vc_hidden-xs liquid-column-69e180c43f648 vc_col-has-fill lqd-has-bg-markup row-bg-appended\"><div class=\"vc_column-inner  vc_custom_1661290498449\" style=\"background-position:center center !important;\"><span class=\"row-bg-loader\"><\/span><div class=\"row-bg-wrap\">\n\t\t<div class=\"row-bg-inner\">\n\t\t\t<figure class=\"row-bg\" ><\/figure>\n\t\t<\/div>\n\t<\/div><div class=\"wpb_wrapper\"  ><\/div><\/div><\/div><\/div><\/div><\/section><section data-bg-image=\"url\" class=\"vc_row vc_custom_1661281097521 liquid-row-shadowbox-69e180c43f8e5 vc_row-has-fill vc_row-has-bg vc_column-gap-0 vc_row-o-full-height\"><div class=\"ld-container container-fluid\"><div class=\"row ld-row ld-row-outer vc_row-has-column-align vc_row-o-columns-stretch vc_row-o-equal-height vc_row-o-equal-height vc_row-flex\"><style>@media (min-width: 992px) { .liquid-column-responsive-69e180c43fc1f > .vc_column-inner {padding-top:0px !important; padding-bottom:0px !important;  }  } <\/style><div data-row-bg=\"https:\/\/aeternis.fr\/wp-content\/uploads\/2022\/08\/Artisan-Inde-rotated.jpg?id=4932\" class=\"wpb_column vc_column_container vc_col-sm-12 vc_col-md-6 liquid-column-69e180c43fc1e liquid-column-responsive-69e180c43fc1f vc_col-has-fill lqd-has-bg-markup row-bg-appended lqd-column-top-onmobile\"><div class=\"vc_column-inner  vc_custom_1661281016984\" style=\"background-position:center top !important;\"><span class=\"row-bg-loader\"><\/span><div class=\"row-bg-wrap\">\n\t\t<div class=\"row-bg-inner\">\n\t\t\t<figure class=\"row-bg\" ><\/figure>\n\t\t<\/div>\n\t<\/div><div class=\"wpb_wrapper\"  ><\/div><a href=\"https:\/\/split.liquid-themes.com\/portfolio\/the-portraits\/\" class=\"liquid-overlay-link z-index-3\"><\/a><\/div><\/div><style>@media (min-width: 992px) { .liquid-column-responsive-69e180c43ffe7 > .vc_column-inner {padding-right:7vmax !important; padding-left:7vmax !important;  }  } <\/style><div class=\"wpb_column vc_column_container vc_col-sm-12 vc_col-md-6 liquid-column-69e180c43ffe6 liquid-column-responsive-69e180c43ffe7\"><div class=\"vc_column-inner justify-content-center vc_custom_1661338211319\" ><div class=\"wpb_wrapper\"  data-custom-animations=\"true\" data-ca-options='{\"triggerHandler\":\"inview\",\"animationTarget\":\"all-childs\",\"duration\":\"1600\",\"delay\":\"180\",\"ease\":\"power4.out\",\"direction\":\"forward\",\"initValues\":{\"opacity\":0,\"translateY\":150},\"animations\":{\"opacity\":1,\"translateY\":0}}'><style>.ld_fancy_heading_69e180c44018e p{color:rgb(0, 0, 0);}.ld_fancy_heading_69e180c44018e p {margin-bottom:1.75em !important;  } .ld_fancy_heading_69e180c44018e .lqd-highlight-inner{height:0.275em!important;bottom:0px!important;}.ld_fancy_heading_69e180c44018e p {margin-bottom:1.75em !important;  } <\/style><div class=\"ld-fancy-heading ld_fancy_heading_69e180c44018e\">\n\t<p class=\"ld-fh-element lqd-highlight-underline lqd-highlight-grow-left text-decoration-default\"   >  Durch die Wertsch\u00e4tzung ihrer Arbeit, durch das Vertrauensverh\u00e4ltnis und faire Preise sichern wir eine langfristige Gesch\u00e4ftsbeziehung. Diese Beziehung, die Vermittler auf ein Minimum reduziert, erm\u00f6glicht es uns, die attraktivsten Preise f\u00fcr die angebotene Qualit\u00e4t anzubieten.<\/p><\/div><\/div><\/div><\/div><\/div><\/div><\/section><section style=\"background-position:left center !important;\" data-bg-image=\"url\" class=\"vc_row vc_custom_1661281104216 liquid-row-shadowbox-69e180c440587 vc_row-has-fill vc_row-has-bg vc_column-gap-0 vc_row-o-full-height\"><div class=\"ld-container container-fluid\"><div class=\"row ld-row ld-row-outer vc_row-has-column-align vc_row-o-columns-stretch vc_row-o-equal-height vc_row-o-equal-height vc_row-o-content-middle vc_row-flex\"><style>@media (min-width: 992px) { .liquid-column-responsive-69e180c44090f > .vc_column-inner {padding-top:0px !important; padding-right:7vmax !important; padding-bottom:0px !important; padding-left:7vmax !important;  }  } <\/style><div class=\"wpb_column vc_column_container vc_col-sm-12 vc_col-md-6 liquid-column-69e180c44090e liquid-column-responsive-69e180c44090f\"><div class=\"vc_column-inner  vc_custom_1661338218355\" ><div class=\"wpb_wrapper\"  data-custom-animations=\"true\" data-ca-options='{\"triggerHandler\":\"inview\",\"animationTarget\":\"all-childs\",\"duration\":\"1600\",\"delay\":\"180\",\"ease\":\"power4.out\",\"direction\":\"forward\",\"initValues\":{\"opacity\":0,\"translateY\":150},\"animations\":{\"opacity\":1,\"translateY\":0}}'><style>.ld_fancy_heading_69e180c4409ed p{color:rgb(0, 0, 0);}.ld_fancy_heading_69e180c4409ed p {margin-bottom:1.75em !important;  } .ld_fancy_heading_69e180c4409ed .lqd-highlight-inner{height:0.275em!important;bottom:0px!important;}.ld_fancy_heading_69e180c4409ed p {margin-bottom:1.75em !important;  } <\/style><div class=\"ld-fancy-heading ld_fancy_heading_69e180c4409ed\">\n\t<p class=\"ld-fh-element lqd-highlight-underline lqd-highlight-grow-left text-decoration-default\"   >  Als Liebhaber sch\u00f6ner Arbeit machen wir es uns zur Ehre, mit Schneidern von au\u00dfergew\u00f6hnlichem Niveau in Frankreich und insbesondere in Europa zusammenzuarbeiten, um wichtige Mittelsteine \u200b\u200bzu schneiden oder neu zu schneiden.<\/p>\n<p>Wir legen gr\u00f6\u00dften Wert auf die Auswahl jedes Steins, ohne jemals zu vergessen, den Geschmack f\u00fcr Ausgewogenheit und Sch\u00f6nheit, den Sinn f\u00fcr Tradition oder den Wunsch nach Innovation in den Mittelpunkt unserer Bem\u00fchungen zu stellen. Ein sch\u00f6ner Stein ist ein Stein mit einer Pers\u00f6nlichkeit, einer Seele.<\/p><\/div><\/div><\/div><\/div><div data-row-bg=\"https:\/\/aeternis.fr\/wp-content\/uploads\/2022\/08\/PRESENTION-3-min.jpg?id=5227\" class=\"wpb_column vc_column_container vc_col-sm-12 vc_col-md-6 liquid-column-69e180c440e2f vc_col-has-fill lqd-has-bg-markup row-bg-appended\"><div class=\"vc_column-inner  vc_custom_1661290682717\" style=\"background-position:center center !important;\"><span class=\"row-bg-loader\"><\/span><div class=\"row-bg-wrap\">\n\t\t<div class=\"row-bg-inner\">\n\t\t\t<figure class=\"row-bg\" ><\/figure>\n\t\t<\/div>\n\t<\/div><div class=\"wpb_wrapper\"  ><\/div><\/div><\/div><\/div><\/div><\/section>","protected":false},"excerpt":{"rendered":"Savoir-faire Notre entreprise place son niveau d\u2019exigence en pensant \u00e0 la passion que chaque cr\u00e9ateur veut placer dans ses bijoux. Nous nous sp\u00e9cialisons dans la recherche de pierres de centre en provenance du Sri Lanka, de Tha\u00eflande, de Birmanie ou du Cambodge, du Br\u00e9sil, de Zambie ou de Tanzanie\u2026 Nous voyageons deux \u00e0 trois fois [...]","protected":false},"author":1,"featured_media":0,"parent":0,"menu_order":0,"comment_status":"closed","ping_status":"closed","template":"","meta":{"footnotes":""},"class_list":["post-5126","page","type-page","status-publish","hentry"],"yoast_head":"<!-- This site is optimized with the Yoast SEO plugin v22.8 - https:\/\/yoast.com\/wordpress\/plugins\/seo\/ -->\n<title>Savoir-faire - AETERNIS<\/title>\n<meta name=\"robots\" content=\"index, follow, max-snippet:-1, max-image-preview:large, max-video-preview:-1\" \/>\n<link rel=\"canonical\" href=\"https:\/\/aeternis.fr\/de\/savoir-faire\/\" \/>\n<meta property=\"og:locale\" content=\"de_DE\" \/>\n<meta property=\"og:type\" content=\"article\" \/>\n<meta property=\"og:title\" content=\"Savoir-faire - AETERNIS\" \/>\n<meta property=\"og:url\" content=\"https:\/\/aeternis.fr\/de\/savoir-faire\/\" \/>\n<meta property=\"og:site_name\" content=\"AETERNIS\" \/>\n<meta property=\"article:modified_time\" content=\"2022-08-24T10:50:21+00:00\" \/>\n<meta name=\"twitter:card\" content=\"summary_large_image\" \/>\n<meta name=\"twitter:label1\" content=\"Gesch\u00e4tzte Lesezeit\" \/>\n\t<meta name=\"twitter:data1\" content=\"3\u00a0Minuten\" \/>\n<script type=\"application\/ld+json\" class=\"yoast-schema-graph\">{\"@context\":\"https:\/\/schema.org\",\"@graph\":[{\"@type\":\"WebPage\",\"@id\":\"https:\/\/aeternis.fr\/savoir-faire\/\",\"url\":\"https:\/\/aeternis.fr\/savoir-faire\/\",\"name\":\"Savoir-faire - AETERNIS\",\"isPartOf\":{\"@id\":\"https:\/\/aeternis.fr\/#website\"},\"datePublished\":\"2022-08-21T19:45:11+00:00\",\"dateModified\":\"2022-08-24T10:50:21+00:00\",\"inLanguage\":\"de\",\"potentialAction\":[{\"@type\":\"ReadAction\",\"target\":[\"https:\/\/aeternis.fr\/savoir-faire\/\"]}]},{\"@type\":\"WebSite\",\"@id\":\"https:\/\/aeternis.fr\/#website\",\"url\":\"https:\/\/aeternis.fr\/\",\"name\":\"AETERNIS\",\"description\":\"Pierres pr\u00e9cieuses &amp; pierres fines\",\"potentialAction\":[{\"@type\":\"SearchAction\",\"target\":{\"@type\":\"EntryPoint\",\"urlTemplate\":\"https:\/\/aeternis.fr\/?s={search_term_string}\"},\"query-input\":\"required name=search_term_string\"}],\"inLanguage\":\"de\"}]}<\/script>\n<!-- \/ Yoast SEO plugin. -->","yoast_head_json":{"title":"Savoir-faire - AETERNIS","robots":{"index":"index","follow":"follow","max-snippet":"max-snippet:-1","max-image-preview":"max-image-preview:large","max-video-preview":"max-video-preview:-1"},"canonical":"https:\/\/aeternis.fr\/de\/savoir-faire\/","og_locale":"de_DE","og_type":"article","og_title":"Savoir-faire - AETERNIS","og_url":"https:\/\/aeternis.fr\/de\/savoir-faire\/","og_site_name":"AETERNIS","article_modified_time":"2022-08-24T10:50:21+00:00","twitter_card":"summary_large_image","twitter_misc":{"Gesch\u00e4tzte Lesezeit":"3\u00a0Minuten"},"schema":{"@context":"https:\/\/schema.org","@graph":[{"@type":"WebPage","@id":"https:\/\/aeternis.fr\/savoir-faire\/","url":"https:\/\/aeternis.fr\/savoir-faire\/","name":"Savoir-faire - AETERNIS","isPartOf":{"@id":"https:\/\/aeternis.fr\/#website"},"datePublished":"2022-08-21T19:45:11+00:00","dateModified":"2022-08-24T10:50:21+00:00","inLanguage":"de","potentialAction":[{"@type":"ReadAction","target":["https:\/\/aeternis.fr\/savoir-faire\/"]}]},{"@type":"WebSite","@id":"https:\/\/aeternis.fr\/#website","url":"https:\/\/aeternis.fr\/","name":"AETERNIS","description":"Pierres pr\u00e9cieuses &amp; pierres fines","potentialAction":[{"@type":"SearchAction","target":{"@type":"EntryPoint","urlTemplate":"https:\/\/aeternis.fr\/?s={search_term_string}"},"query-input":"required name=search_term_string"}],"inLanguage":"de"}]}},"_links":{"self":[{"href":"https:\/\/aeternis.fr\/de\/wp-json\/wp\/v2\/pages\/5126","targetHints":{"allow":["GET"]}}],"collection":[{"href":"https:\/\/aeternis.fr\/de\/wp-json\/wp\/v2\/pages"}],"about":[{"href":"https:\/\/aeternis.fr\/de\/wp-json\/wp\/v2\/types\/page"}],"author":[{"embeddable":true,"href":"https:\/\/aeternis.fr\/de\/wp-json\/wp\/v2\/users\/1"}],"replies":[{"embeddable":true,"href":"https:\/\/aeternis.fr\/de\/wp-json\/wp\/v2\/comments?post=5126"}],"version-history":[{"count":15,"href":"https:\/\/aeternis.fr\/de\/wp-json\/wp\/v2\/pages\/5126\/revisions"}],"predecessor-version":[{"id":5406,"href":"https:\/\/aeternis.fr\/de\/wp-json\/wp\/v2\/pages\/5126\/revisions\/5406"}],"wp:attachment":[{"href":"https:\/\/aeternis.fr\/de\/wp-json\/wp\/v2\/media?parent=5126"}],"curies":[{"name":"wp","href":"https:\/\/api.w.org\/{rel}","templated":true}]}}